{"id":10006,"date":"2025-09-13T18:50:32","date_gmt":"2025-09-13T23:50:32","guid":{"rendered":"https:\/\/pedidosperu.com\/website\/?post_type=product&#038;p=10006"},"modified":"2025-12-09T17:18:56","modified_gmt":"2025-12-09T22:18:56","slug":"polos-hugo-boss-coleccion-freddie-mercury","status":"publish","type":"product","link":"https:\/\/pedidosperu.com\/website\/product\/polos-hugo-boss-coleccion-freddie-mercury\/","title":{"rendered":"Polos HUGO BOSS | Colecci\u00f3n Freddie Mercury"},"content":{"rendered":"<body><p><strong><span style=\"color: #ed1c24;\">Polos HUGO BOSS | Colecci\u00f3n Freddie Mercury<\/span><\/strong><\/p>\n<p>Por tiempo limitado y solo pocas unidades, tenemos una camiseta BOSS regular fit de estilo moderno unisex, elaborada en puro algod\u00f3n con estructura interlock. Esta camiseta de manga corta forma parte de una colecci\u00f3n c\u00e1psula limitada con gr\u00e1ficos de Freddie Mercury, el ic\u00f3nico cantante, compositor e int\u00e9rprete que se atrevi\u00f3 a desafiar lo convencional. La llamativa ilustraci\u00f3n de la espalda se combina con la marca BOSS y el aut\u00f3grafo de Freddie para lucir un look que marca tendencia.<\/p>\n<\/body>","protected":false},"excerpt":{"rendered":"<p><strong><span style=\"color: #ed1c24;\">Polos HUGO BOSS | Colecci\u00f3n Freddie Mercury<\/span><\/strong><\/p>\n<p>Por tiempo limitado y solo pocas unidades, tenemos una camiseta BOSS regular fit de estilo moderno unisex, elaborada en puro algod\u00f3n con estructura interlock. Esta camiseta de manga corta forma parte de una colecci\u00f3n c\u00e1psula limitada con gr\u00e1ficos de Freddie Mercury, el ic\u00f3nico cantante, compositor e int\u00e9rprete que se atrevi\u00f3 a desafiar lo convencional. La llamativa ilustraci\u00f3n de la espalda se combina con la marca BOSS y el aut\u00f3grafo de Freddie para lucir un look que marca tendencia.<\/p>\n","protected":false},"featured_media":10012,"comment_status":"open","ping_status":"closed","template":"","meta":{"om_disable_all_campaigns":false,"_monsterinsights_skip_tracking":false,"_monsterinsights_sitenote_active":false,"_monsterinsights_sitenote_note":"","_monsterinsights_sitenote_category":0,"_uf_show_specific_survey":0,"_uf_disable_surveys":false,"jetpack_post_was_ever_published":false,"_joinchat":[],"jetpack_publicize_message":"","jetpack_publicize_feature_enabled":true,"jetpack_social_post_already_shared":true,"jetpack_social_options":{"image_generator_settings":{"template":"highway","default_image_id":0,"font":"","enabled":false},"version":2}},"product_brand":[],"product_cat":[396],"product_tag":[265,96],"class_list":{"0":"post-10006","1":"product","2":"type-product","3":"status-publish","4":"has-post-thumbnail","6":"product_cat-boss-fm","7":"product_tag-boss","8":"product_tag-freddie-mercury","9":"pa_talla-3xl","10":"pa_talla-l","11":"pa_talla-m","12":"pa_talla-xl","13":"pa_talla-xxl","15":"first","16":"instock","17":"shipping-taxable","18":"purchasable","19":"product-type-variable"},"supplier_id":null,"supplier_sku":"","barcode":null,"atum_controlled":true,"out_stock_date":null,"out_stock_threshold":null,"inheritable":true,"inbound_stock":null,"stock_on_hold":0,"sold_today":0,"sales_last_days":0,"reserved_stock":null,"customer_returns":null,"warehouse_damage":null,"lost_in_post":null,"other_logs":null,"out_stock_days":0,"lost_sales":0,"has_location":false,"update_date":"2026-04-28T04:40:58","atum_locations":[],"atum_stock_status":"instock","restock_status":false,"low_stock_amount":"","sales_update_date":"2026-04-28T04:40:58","calc_backorders":null,"yoast_head":"<!-- This site is optimized with the Yoast SEO plugin v27.5 - https:\/\/yoast.com\/product\/yoast-seo-wordpress\/ -->\n<title>Polos HUGO BOSS | Colecci\u00f3n Freddie Mercury - PedidosPeru.com<\/title>\n<meta name=\"robots\" content=\"index, follow, max-snippet:-1, max-image-preview:large, max-video-preview:-1\" \/>\n<link rel=\"canonical\" href=\"https:\/\/pedidosperu.com\/website\/product\/polos-hugo-boss-coleccion-freddie-mercury\/\" \/>\n<meta property=\"og:locale\" content=\"es_ES\" \/>\n<meta property=\"og:type\" content=\"article\" \/>\n<meta property=\"og:title\" content=\"Polos HUGO BOSS | Colecci\u00f3n Freddie Mercury - PedidosPeru.com\" \/>\n<meta property=\"og:description\" content=\"Polos HUGO BOSS | Colecci\u00f3n Freddie Mercury  Por tiempo limitado y solo pocas unidades, tenemos una camiseta BOSS regular fit de estilo moderno unisex, elaborada en puro algod\u00f3n con estructura interlock. Esta camiseta de manga corta forma parte de una colecci\u00f3n c\u00e1psula limitada con gr\u00e1ficos de Freddie Mercury, el ic\u00f3nico cantante, compositor e int\u00e9rprete que se atrevi\u00f3 a desafiar lo convencional. La llamativa ilustraci\u00f3n de la espalda se combina con la marca BOSS y el aut\u00f3grafo de Freddie para lucir un look que marca tendencia.\" \/>\n<meta property=\"og:url\" content=\"https:\/\/pedidosperu.com\/website\/product\/polos-hugo-boss-coleccion-freddie-mercury\/\" \/>\n<meta property=\"og:site_name\" content=\"PedidosPeru.com\" \/>\n<meta property=\"article:publisher\" content=\"https:\/\/www.facebook.com\/pedidosperuoficial\" \/>\n<meta property=\"article:modified_time\" content=\"2025-12-09T22:18:56+00:00\" \/>\n<meta property=\"og:image\" content=\"https:\/\/pedidosperu.com\/website\/wp-content\/uploads\/2025\/09\/hbeu50487153_100_350.png\" \/>\n\t<meta property=\"og:image:width\" content=\"768\" \/>\n\t<meta property=\"og:image:height\" content=\"1165\" \/>\n\t<meta property=\"og:image:type\" content=\"image\/png\" \/>\n<meta name=\"twitter:card\" content=\"summary_large_image\" \/>\n<meta name=\"twitter:label1\" content=\"Tiempo de lectura\" \/>\n\t<meta name=\"twitter:data1\" content=\"1 minuto\" \/>\n<script type=\"application\/ld+json\" class=\"yoast-schema-graph\">{\"@context\":\"https:\\\/\\\/schema.org\",\"@graph\":[{\"@type\":\"WebPage\",\"@id\":\"https:\\\/\\\/pedidosperu.com\\\/website\\\/product\\\/polos-hugo-boss-coleccion-freddie-mercury\\\/\",\"url\":\"https:\\\/\\\/pedidosperu.com\\\/website\\\/product\\\/polos-hugo-boss-coleccion-freddie-mercury\\\/\",\"name\":\"Polos HUGO BOSS | Colecci\u00f3n Freddie Mercury - PedidosPeru.com\",\"isPartOf\":{\"@id\":\"https:\\\/\\\/pedidosperu.com\\\/website\\\/#website\"},\"primaryImageOfPage\":{\"@id\":\"https:\\\/\\\/pedidosperu.com\\\/website\\\/product\\\/polos-hugo-boss-coleccion-freddie-mercury\\\/#primaryimage\"},\"image\":{\"@id\":\"https:\\\/\\\/pedidosperu.com\\\/website\\\/product\\\/polos-hugo-boss-coleccion-freddie-mercury\\\/#primaryimage\"},\"thumbnailUrl\":\"https:\\\/\\\/i0.wp.com\\\/pedidosperu.com\\\/website\\\/wp-content\\\/uploads\\\/2025\\\/09\\\/hbeu50487153_100_350.png?fit=768%2C1165&ssl=1\",\"datePublished\":\"2025-09-13T23:50:32+00:00\",\"dateModified\":\"2025-12-09T22:18:56+00:00\",\"breadcrumb\":{\"@id\":\"https:\\\/\\\/pedidosperu.com\\\/website\\\/product\\\/polos-hugo-boss-coleccion-freddie-mercury\\\/#breadcrumb\"},\"inLanguage\":\"es\",\"potentialAction\":[{\"@type\":\"ReadAction\",\"target\":[\"https:\\\/\\\/pedidosperu.com\\\/website\\\/product\\\/polos-hugo-boss-coleccion-freddie-mercury\\\/\"]}]},{\"@type\":\"ImageObject\",\"inLanguage\":\"es\",\"@id\":\"https:\\\/\\\/pedidosperu.com\\\/website\\\/product\\\/polos-hugo-boss-coleccion-freddie-mercury\\\/#primaryimage\",\"url\":\"https:\\\/\\\/i0.wp.com\\\/pedidosperu.com\\\/website\\\/wp-content\\\/uploads\\\/2025\\\/09\\\/hbeu50487153_100_350.png?fit=768%2C1165&ssl=1\",\"contentUrl\":\"https:\\\/\\\/i0.wp.com\\\/pedidosperu.com\\\/website\\\/wp-content\\\/uploads\\\/2025\\\/09\\\/hbeu50487153_100_350.png?fit=768%2C1165&ssl=1\",\"width\":768,\"height\":1165},{\"@type\":\"BreadcrumbList\",\"@id\":\"https:\\\/\\\/pedidosperu.com\\\/website\\\/product\\\/polos-hugo-boss-coleccion-freddie-mercury\\\/#breadcrumb\",\"itemListElement\":[{\"@type\":\"ListItem\",\"position\":1,\"name\":\"Shop\",\"item\":\"https:\\\/\\\/pedidosperu.com\\\/website\\\/shop\\\/\"},{\"@type\":\"ListItem\",\"position\":2,\"name\":\"Polos HUGO BOSS | Colecci\u00f3n Freddie Mercury\"}]},{\"@type\":\"WebSite\",\"@id\":\"https:\\\/\\\/pedidosperu.com\\\/website\\\/#website\",\"url\":\"https:\\\/\\\/pedidosperu.com\\\/website\\\/\",\"name\":\"PedidosPeru.com\",\"description\":\"Detalles 100% Personalizados\",\"publisher\":{\"@id\":\"https:\\\/\\\/pedidosperu.com\\\/website\\\/#organization\"},\"potentialAction\":[{\"@type\":\"SearchAction\",\"target\":{\"@type\":\"EntryPoint\",\"urlTemplate\":\"https:\\\/\\\/pedidosperu.com\\\/website\\\/?s={search_term_string}\"},\"query-input\":{\"@type\":\"PropertyValueSpecification\",\"valueRequired\":true,\"valueName\":\"search_term_string\"}}],\"inLanguage\":\"es\"},{\"@type\":\"Organization\",\"@id\":\"https:\\\/\\\/pedidosperu.com\\\/website\\\/#organization\",\"name\":\"PedidosPeru.com\",\"url\":\"https:\\\/\\\/pedidosperu.com\\\/website\\\/\",\"logo\":{\"@type\":\"ImageObject\",\"inLanguage\":\"es\",\"@id\":\"https:\\\/\\\/pedidosperu.com\\\/website\\\/#\\\/schema\\\/logo\\\/image\\\/\",\"url\":\"https:\\\/\\\/pedidosperu.com\\\/website\\\/wp-content\\\/uploads\\\/2023\\\/08\\\/Logo_PP1.png\",\"contentUrl\":\"https:\\\/\\\/pedidosperu.com\\\/website\\\/wp-content\\\/uploads\\\/2023\\\/08\\\/Logo_PP1.png\",\"width\":1464,\"height\":792,\"caption\":\"PedidosPeru.com\"},\"image\":{\"@id\":\"https:\\\/\\\/pedidosperu.com\\\/website\\\/#\\\/schema\\\/logo\\\/image\\\/\"},\"sameAs\":[\"https:\\\/\\\/www.facebook.com\\\/pedidosperuoficial\",\"https:\\\/\\\/www.instagram.com\\\/pedidosperuoficial\\\/\"]}]}<\/script>\n<!-- \/ Yoast SEO plugin. -->","yoast_head_json":{"title":"Polos HUGO BOSS | Colecci\u00f3n Freddie Mercury - PedidosPeru.com","robots":{"index":"index","follow":"follow","max-snippet":"max-snippet:-1","max-image-preview":"max-image-preview:large","max-video-preview":"max-video-preview:-1"},"canonical":"https:\/\/pedidosperu.com\/website\/product\/polos-hugo-boss-coleccion-freddie-mercury\/","og_locale":"es_ES","og_type":"article","og_title":"Polos HUGO BOSS | Colecci\u00f3n Freddie Mercury - PedidosPeru.com","og_description":"Polos HUGO BOSS | Colecci\u00f3n Freddie Mercury  Por tiempo limitado y solo pocas unidades, tenemos una camiseta BOSS regular fit de estilo moderno unisex, elaborada en puro algod\u00f3n con estructura interlock. Esta camiseta de manga corta forma parte de una colecci\u00f3n c\u00e1psula limitada con gr\u00e1ficos de Freddie Mercury, el ic\u00f3nico cantante, compositor e int\u00e9rprete que se atrevi\u00f3 a desafiar lo convencional. La llamativa ilustraci\u00f3n de la espalda se combina con la marca BOSS y el aut\u00f3grafo de Freddie para lucir un look que marca tendencia.","og_url":"https:\/\/pedidosperu.com\/website\/product\/polos-hugo-boss-coleccion-freddie-mercury\/","og_site_name":"PedidosPeru.com","article_publisher":"https:\/\/www.facebook.com\/pedidosperuoficial","article_modified_time":"2025-12-09T22:18:56+00:00","og_image":[{"width":768,"height":1165,"url":"https:\/\/pedidosperu.com\/website\/wp-content\/uploads\/2025\/09\/hbeu50487153_100_350.png","type":"image\/png"}],"twitter_card":"summary_large_image","twitter_misc":{"Tiempo de lectura":"1 minuto"},"schema":{"@context":"https:\/\/schema.org","@graph":[{"@type":"WebPage","@id":"https:\/\/pedidosperu.com\/website\/product\/polos-hugo-boss-coleccion-freddie-mercury\/","url":"https:\/\/pedidosperu.com\/website\/product\/polos-hugo-boss-coleccion-freddie-mercury\/","name":"Polos HUGO BOSS | Colecci\u00f3n Freddie Mercury - PedidosPeru.com","isPartOf":{"@id":"https:\/\/pedidosperu.com\/website\/#website"},"primaryImageOfPage":{"@id":"https:\/\/pedidosperu.com\/website\/product\/polos-hugo-boss-coleccion-freddie-mercury\/#primaryimage"},"image":{"@id":"https:\/\/pedidosperu.com\/website\/product\/polos-hugo-boss-coleccion-freddie-mercury\/#primaryimage"},"thumbnailUrl":"https:\/\/i0.wp.com\/pedidosperu.com\/website\/wp-content\/uploads\/2025\/09\/hbeu50487153_100_350.png?fit=768%2C1165&ssl=1","datePublished":"2025-09-13T23:50:32+00:00","dateModified":"2025-12-09T22:18:56+00:00","breadcrumb":{"@id":"https:\/\/pedidosperu.com\/website\/product\/polos-hugo-boss-coleccion-freddie-mercury\/#breadcrumb"},"inLanguage":"es","potentialAction":[{"@type":"ReadAction","target":["https:\/\/pedidosperu.com\/website\/product\/polos-hugo-boss-coleccion-freddie-mercury\/"]}]},{"@type":"ImageObject","inLanguage":"es","@id":"https:\/\/pedidosperu.com\/website\/product\/polos-hugo-boss-coleccion-freddie-mercury\/#primaryimage","url":"https:\/\/i0.wp.com\/pedidosperu.com\/website\/wp-content\/uploads\/2025\/09\/hbeu50487153_100_350.png?fit=768%2C1165&ssl=1","contentUrl":"https:\/\/i0.wp.com\/pedidosperu.com\/website\/wp-content\/uploads\/2025\/09\/hbeu50487153_100_350.png?fit=768%2C1165&ssl=1","width":768,"height":1165},{"@type":"BreadcrumbList","@id":"https:\/\/pedidosperu.com\/website\/product\/polos-hugo-boss-coleccion-freddie-mercury\/#breadcrumb","itemListElement":[{"@type":"ListItem","position":1,"name":"Shop","item":"https:\/\/pedidosperu.com\/website\/shop\/"},{"@type":"ListItem","position":2,"name":"Polos HUGO BOSS | Colecci\u00f3n Freddie Mercury"}]},{"@type":"WebSite","@id":"https:\/\/pedidosperu.com\/website\/#website","url":"https:\/\/pedidosperu.com\/website\/","name":"PedidosPeru.com","description":"Detalles 100% Personalizados","publisher":{"@id":"https:\/\/pedidosperu.com\/website\/#organization"},"potentialAction":[{"@type":"SearchAction","target":{"@type":"EntryPoint","urlTemplate":"https:\/\/pedidosperu.com\/website\/?s={search_term_string}"},"query-input":{"@type":"PropertyValueSpecification","valueRequired":true,"valueName":"search_term_string"}}],"inLanguage":"es"},{"@type":"Organization","@id":"https:\/\/pedidosperu.com\/website\/#organization","name":"PedidosPeru.com","url":"https:\/\/pedidosperu.com\/website\/","logo":{"@type":"ImageObject","inLanguage":"es","@id":"https:\/\/pedidosperu.com\/website\/#\/schema\/logo\/image\/","url":"https:\/\/pedidosperu.com\/website\/wp-content\/uploads\/2023\/08\/Logo_PP1.png","contentUrl":"https:\/\/pedidosperu.com\/website\/wp-content\/uploads\/2023\/08\/Logo_PP1.png","width":1464,"height":792,"caption":"PedidosPeru.com"},"image":{"@id":"https:\/\/pedidosperu.com\/website\/#\/schema\/logo\/image\/"},"sameAs":["https:\/\/www.facebook.com\/pedidosperuoficial","https:\/\/www.instagram.com\/pedidosperuoficial\/"]}]}},"jetpack_publicize_connections":[],"jetpack_sharing_enabled":true,"jetpack_likes_enabled":true,"jetpack-related-posts":[{"id":7299,"url":"https:\/\/pedidosperu.com\/website\/product\/polo-freddie-mercury-queen-que-poc-25-neg-1002\/","url_meta":{"origin":10006,"position":0},"title":"Polo Freddie Mercury &#8211; Queen \/ QUE-POC-25-NEG-1002","author":"webmaster","date":"30\/07\/2025","format":false,"excerpt":"Polo Freddie Mercury - Queen \/ QUE-POC-25-NEG-1002 Dise\u00f1os exclusivos. Polo 100% Algod\u00f3n. Estampado en vinil textil importado \/ transfer de muy buena calidad. El color del dise\u00f1o puede variar seg\u00fan lo desee, solo debe indicarlo al momento de la compra. Consultar otras tallas, color de polo y\/o dise\u00f1os personalizados para\u2026","rel":"","context":"Entrada similar","block_context":{"text":"Entrada similar","link":""},"img":{"alt_text":"","src":"https:\/\/i0.wp.com\/pedidosperu.com\/website\/wp-content\/uploads\/2025\/07\/QUE-POC-25-NEG-1002-A.jpg?fit=900%2C1200&ssl=1&resize=350%2C200","width":350,"height":200,"srcset":"https:\/\/i0.wp.com\/pedidosperu.com\/website\/wp-content\/uploads\/2025\/07\/QUE-POC-25-NEG-1002-A.jpg?fit=900%2C1200&ssl=1&resize=350%2C200 1x, https:\/\/i0.wp.com\/pedidosperu.com\/website\/wp-content\/uploads\/2025\/07\/QUE-POC-25-NEG-1002-A.jpg?fit=900%2C1200&ssl=1&resize=525%2C300 1.5x, https:\/\/i0.wp.com\/pedidosperu.com\/website\/wp-content\/uploads\/2025\/07\/QUE-POC-25-NEG-1002-A.jpg?fit=900%2C1200&ssl=1&resize=700%2C400 2x"},"classes":[]},{"id":7334,"url":"https:\/\/pedidosperu.com\/website\/product\/polo-freddie-mercury-queen-que-poc-25-neg-1011\/","url_meta":{"origin":10006,"position":1},"title":"Polo Freddie Mercury &#8211; Queen \/ QUE-POC-25-NEG-1011","author":"webmaster","date":"30\/07\/2025","format":false,"excerpt":"Polo Freddie Mercury - Queen \/ QUE-POC-25-NEG-1011 Dise\u00f1os exclusivos. Polo 100% Algod\u00f3n. Estampado en vinil textil importado \/ transfer de muy buena calidad. El color del dise\u00f1o puede variar seg\u00fan lo desee, solo debe indicarlo al momento de la compra. Consultar otras tallas, color de polo y\/o dise\u00f1os personalizados para\u2026","rel":"","context":"Entrada similar","block_context":{"text":"Entrada similar","link":""},"img":{"alt_text":"","src":"https:\/\/i0.wp.com\/pedidosperu.com\/website\/wp-content\/uploads\/2025\/07\/QUE-POC-25-NEG-1011-A.jpg?fit=900%2C1200&ssl=1&resize=350%2C200","width":350,"height":200,"srcset":"https:\/\/i0.wp.com\/pedidosperu.com\/website\/wp-content\/uploads\/2025\/07\/QUE-POC-25-NEG-1011-A.jpg?fit=900%2C1200&ssl=1&resize=350%2C200 1x, https:\/\/i0.wp.com\/pedidosperu.com\/website\/wp-content\/uploads\/2025\/07\/QUE-POC-25-NEG-1011-A.jpg?fit=900%2C1200&ssl=1&resize=525%2C300 1.5x, https:\/\/i0.wp.com\/pedidosperu.com\/website\/wp-content\/uploads\/2025\/07\/QUE-POC-25-NEG-1011-A.jpg?fit=900%2C1200&ssl=1&resize=700%2C400 2x"},"classes":[]},{"id":7310,"url":"https:\/\/pedidosperu.com\/website\/product\/polo-freddie-mercury-queen-que-poc-25-neg-1004\/","url_meta":{"origin":10006,"position":2},"title":"Polo Freddie Mercury &#8211; Queen \/ QUE-POC-25-NEG-1004","author":"webmaster","date":"30\/07\/2025","format":false,"excerpt":"Polo Freddie Mercury - Queen \/ QUE-POC-25-NEG-1004 Dise\u00f1os exclusivos. Polo 100% Algod\u00f3n. Estampado en vinil textil importado \/ transfer de muy buena calidad. El color del dise\u00f1o puede variar seg\u00fan lo desee, solo debe indicarlo al momento de la compra. Consultar otras tallas, color de polo y\/o dise\u00f1os personalizados para\u2026","rel":"","context":"Entrada similar","block_context":{"text":"Entrada similar","link":""},"img":{"alt_text":"","src":"https:\/\/i0.wp.com\/pedidosperu.com\/website\/wp-content\/uploads\/2025\/07\/QUE-POC-25-NEG-1004-A.jpg?fit=900%2C1200&ssl=1&resize=350%2C200","width":350,"height":200,"srcset":"https:\/\/i0.wp.com\/pedidosperu.com\/website\/wp-content\/uploads\/2025\/07\/QUE-POC-25-NEG-1004-A.jpg?fit=900%2C1200&ssl=1&resize=350%2C200 1x, https:\/\/i0.wp.com\/pedidosperu.com\/website\/wp-content\/uploads\/2025\/07\/QUE-POC-25-NEG-1004-A.jpg?fit=900%2C1200&ssl=1&resize=525%2C300 1.5x, https:\/\/i0.wp.com\/pedidosperu.com\/website\/wp-content\/uploads\/2025\/07\/QUE-POC-25-NEG-1004-A.jpg?fit=900%2C1200&ssl=1&resize=700%2C400 2x"},"classes":[]},{"id":7319,"url":"https:\/\/pedidosperu.com\/website\/product\/polo-freddie-mercury-queen-que-poc-25-neg-1008\/","url_meta":{"origin":10006,"position":3},"title":"Polo Freddie Mercury &#8211; Queen \/ QUE-POC-25-NEG-1008","author":"webmaster","date":"30\/07\/2025","format":false,"excerpt":"Polo Freddie Mercury - Queen \/ QUE-POC-25-NEG-1008 Dise\u00f1os exclusivos. Polo 100% Algod\u00f3n. Estampado en vinil textil importado \/ transfer de muy buena calidad. El color del dise\u00f1o puede variar seg\u00fan lo desee, solo debe indicarlo al momento de la compra. Consultar otras tallas, color de polo y\/o dise\u00f1os personalizados para\u2026","rel":"","context":"Entrada similar","block_context":{"text":"Entrada similar","link":""},"img":{"alt_text":"","src":"https:\/\/i0.wp.com\/pedidosperu.com\/website\/wp-content\/uploads\/2025\/07\/QUE-POC-25-NEG-1008-A.jpg?fit=900%2C1200&ssl=1&resize=350%2C200","width":350,"height":200,"srcset":"https:\/\/i0.wp.com\/pedidosperu.com\/website\/wp-content\/uploads\/2025\/07\/QUE-POC-25-NEG-1008-A.jpg?fit=900%2C1200&ssl=1&resize=350%2C200 1x, https:\/\/i0.wp.com\/pedidosperu.com\/website\/wp-content\/uploads\/2025\/07\/QUE-POC-25-NEG-1008-A.jpg?fit=900%2C1200&ssl=1&resize=525%2C300 1.5x, https:\/\/i0.wp.com\/pedidosperu.com\/website\/wp-content\/uploads\/2025\/07\/QUE-POC-25-NEG-1008-A.jpg?fit=900%2C1200&ssl=1&resize=700%2C400 2x"},"classes":[]},{"id":7268,"url":"https:\/\/pedidosperu.com\/website\/product\/polo-queen-freddie-mercury-que-poc-25-neg-1001\/","url_meta":{"origin":10006,"position":4},"title":"Polo Freddie Mercury &#8211; Queen \/ QUE-POC-25-NEG-1001","author":"webmaster","date":"30\/07\/2025","format":false,"excerpt":"Polo Freddie Mercury - Queen \/ QUE-POC-25-NEG-1001 Dise\u00f1os exclusivos. Polo 100% Algod\u00f3n. Estampado en vinil textil importado \/ transfer de muy buena calidad. El color del dise\u00f1o puede variar seg\u00fan lo desee, solo debe indicarlo al momento de la compra. Consultar otras tallas, color de polo y\/o dise\u00f1os personalizados para\u2026","rel":"","context":"Entrada similar","block_context":{"text":"Entrada similar","link":""},"img":{"alt_text":"","src":"https:\/\/i0.wp.com\/pedidosperu.com\/website\/wp-content\/uploads\/2025\/07\/QUE-POC-25-NEG-1001-A.jpg?fit=800%2C1067&ssl=1&resize=350%2C200","width":350,"height":200,"srcset":"https:\/\/i0.wp.com\/pedidosperu.com\/website\/wp-content\/uploads\/2025\/07\/QUE-POC-25-NEG-1001-A.jpg?fit=800%2C1067&ssl=1&resize=350%2C200 1x, https:\/\/i0.wp.com\/pedidosperu.com\/website\/wp-content\/uploads\/2025\/07\/QUE-POC-25-NEG-1001-A.jpg?fit=800%2C1067&ssl=1&resize=525%2C300 1.5x, https:\/\/i0.wp.com\/pedidosperu.com\/website\/wp-content\/uploads\/2025\/07\/QUE-POC-25-NEG-1001-A.jpg?fit=800%2C1067&ssl=1&resize=700%2C400 2x"},"classes":[]},{"id":7343,"url":"https:\/\/pedidosperu.com\/website\/product\/polo-freddie-mercury-queen-que-poc-25-neg-1014\/","url_meta":{"origin":10006,"position":5},"title":"Polo Freddie Mercury &#8211; Queen \/ QUE-POC-25-NEG-1014","author":"webmaster","date":"30\/07\/2025","format":false,"excerpt":"Polo Freddie Mercury - Queen \/ QUE-POC-25-NEG-1014 Dise\u00f1os exclusivos. Polo 100% Algod\u00f3n. Estampado en vinil textil importado \/ transfer de muy buena calidad. El color del dise\u00f1o puede variar seg\u00fan lo desee, solo debe indicarlo al momento de la compra. Consultar otras tallas, color de polo y\/o dise\u00f1os personalizados para\u2026","rel":"","context":"Entrada similar","block_context":{"text":"Entrada similar","link":""},"img":{"alt_text":"","src":"https:\/\/i0.wp.com\/pedidosperu.com\/website\/wp-content\/uploads\/2025\/07\/QUE-POC-25-NEG-1014-A.jpg?fit=900%2C1200&ssl=1&resize=350%2C200","width":350,"height":200,"srcset":"https:\/\/i0.wp.com\/pedidosperu.com\/website\/wp-content\/uploads\/2025\/07\/QUE-POC-25-NEG-1014-A.jpg?fit=900%2C1200&ssl=1&resize=350%2C200 1x, https:\/\/i0.wp.com\/pedidosperu.com\/website\/wp-content\/uploads\/2025\/07\/QUE-POC-25-NEG-1014-A.jpg?fit=900%2C1200&ssl=1&resize=525%2C300 1.5x, https:\/\/i0.wp.com\/pedidosperu.com\/website\/wp-content\/uploads\/2025\/07\/QUE-POC-25-NEG-1014-A.jpg?fit=900%2C1200&ssl=1&resize=700%2C400 2x"},"classes":[]}],"_links":{"self":[{"href":"https:\/\/pedidosperu.com\/website\/wp-json\/wp\/v2\/product\/10006","targetHints":{"allow":["GET"]}}],"collection":[{"href":"https:\/\/pedidosperu.com\/website\/wp-json\/wp\/v2\/product"}],"about":[{"href":"https:\/\/pedidosperu.com\/website\/wp-json\/wp\/v2\/types\/product"}],"replies":[{"embeddable":true,"href":"https:\/\/pedidosperu.com\/website\/wp-json\/wp\/v2\/comments?post=10006"}],"wp:featuredmedia":[{"embeddable":true,"href":"https:\/\/pedidosperu.com\/website\/wp-json\/wp\/v2\/media\/10012"}],"wp:attachment":[{"href":"https:\/\/pedidosperu.com\/website\/wp-json\/wp\/v2\/media?parent=10006"}],"wp:term":[{"taxonomy":"product_brand","embeddable":true,"href":"https:\/\/pedidosperu.com\/website\/wp-json\/wp\/v2\/product_brand?post=10006"},{"taxonomy":"product_cat","embeddable":true,"href":"https:\/\/pedidosperu.com\/website\/wp-json\/wp\/v2\/product_cat?post=10006"},{"taxonomy":"product_tag","embeddable":true,"href":"https:\/\/pedidosperu.com\/website\/wp-json\/wp\/v2\/product_tag?post=10006"}],"curies":[{"name":"wp","href":"https:\/\/api.w.org\/{rel}","templated":true}]}}