{"id":10110,"date":"2025-12-04T23:53:25","date_gmt":"2025-12-05T04:53:25","guid":{"rendered":"https:\/\/pedidosperu.com\/website\/?post_type=product&#038;p=10110"},"modified":"2025-12-25T19:29:11","modified_gmt":"2025-12-26T00:29:11","slug":"polo-adidas-originals-celeste-manga-larga-x-oasis-tour-3-stripes-longsleeve-tee","status":"publish","type":"product","link":"https:\/\/pedidosperu.com\/website\/product\/polo-adidas-originals-celeste-manga-larga-x-oasis-tour-3-stripes-longsleeve-tee\/","title":{"rendered":"Polo Adidas Originals \/ Celeste \/ Manga Larga \/ x Oasis Tour 3 Stripes Longsleeve Tee"},"content":{"rendered":"<body><h1>Playera de manga larga con inspiraci\u00f3n vintage de The Band With The 3 Stripes con branding adidas Originals x Oasis.<br>\nLa Tour 3-Stripes Tee es una playera cl\u00e1sica y vers\u00e1til de manga larga de adidas Originals x Oasis.<br>\nActualizada para la gira mundial de Oasis 2025, esta playera adidas ofrece un corte slim fit y un dobladillo en contraste que aporta un aire vintage refinado. Est\u00e1 confeccionada en algod\u00f3n ultrasuave para mantenerte c\u00f3modo todo el d\u00eda.<\/h1>\n<\/body>","protected":false},"excerpt":{"rendered":"<p>Playera de manga larga con inspiraci\u00f3n vintage de The Band With The 3 Stripes con branding adidas Originals x Oasis. La Tour 3-Stripes Tee es una playera cl\u00e1sica y vers\u00e1til de manga larga de adidas Originals x Oasis. Actualizada para la gira mundial de Oasis 2025, esta playera adidas ofrece un corte slim fit y [&#8230;]\n","protected":false},"featured_media":10173,"comment_status":"open","ping_status":"closed","template":"","meta":{"om_disable_all_campaigns":false,"_monsterinsights_skip_tracking":false,"_monsterinsights_sitenote_active":false,"_monsterinsights_sitenote_note":"","_monsterinsights_sitenote_category":0,"_uf_show_specific_survey":0,"_uf_disable_surveys":false,"jetpack_post_was_ever_published":false,"_joinchat":[],"jetpack_publicize_message":"","jetpack_publicize_feature_enabled":true,"jetpack_social_post_already_shared":true,"jetpack_social_options":{"image_generator_settings":{"template":"highway","default_image_id":0,"font":"","enabled":false},"version":2}},"product_brand":[],"product_cat":[400],"product_tag":[401,402,98],"class_list":{"0":"post-10110","1":"product","2":"type-product","3":"status-publish","4":"has-post-thumbnail","6":"product_cat-oasis-by-adidas","7":"product_tag-adidas","8":"product_tag-live-25","9":"product_tag-oasis","10":"pa_talla-m","11":"pa_talla-s","13":"first","14":"outofstock","15":"shipping-taxable","16":"purchasable","17":"product-type-variable"},"supplier_id":null,"supplier_sku":"","barcode":null,"atum_controlled":true,"out_stock_date":"2025-12-25 19:27:23","out_stock_threshold":null,"inheritable":true,"inbound_stock":null,"stock_on_hold":0,"sold_today":0,"sales_last_days":0,"reserved_stock":null,"customer_returns":null,"warehouse_damage":null,"lost_in_post":null,"other_logs":null,"out_stock_days":123,"lost_sales":0,"has_location":false,"update_date":"2026-04-28T04:40:57","atum_locations":[],"atum_stock_status":"outofstock","restock_status":false,"low_stock_amount":"","sales_update_date":"2026-04-28T04:40:57","calc_backorders":null,"yoast_head":"<!-- This site is optimized with the Yoast SEO plugin v27.5 - https:\/\/yoast.com\/product\/yoast-seo-wordpress\/ -->\n<title>Polo Adidas Originals \/ Celeste \/ Manga Larga \/ x Oasis Tour 3 Stripes Longsleeve Tee - PedidosPeru.com<\/title>\n<meta name=\"robots\" content=\"index, follow, max-snippet:-1, max-image-preview:large, max-video-preview:-1\" \/>\n<link rel=\"canonical\" href=\"https:\/\/pedidosperu.com\/website\/product\/polo-adidas-originals-celeste-manga-larga-x-oasis-tour-3-stripes-longsleeve-tee\/\" \/>\n<meta property=\"og:locale\" content=\"es_ES\" \/>\n<meta property=\"og:type\" content=\"article\" \/>\n<meta property=\"og:title\" content=\"Polo Adidas Originals \/ Celeste \/ Manga Larga \/ x Oasis Tour 3 Stripes Longsleeve Tee - PedidosPeru.com\" \/>\n<meta property=\"og:description\" content=\"Playera de manga larga con inspiraci\u00f3n vintage de The Band With The 3 Stripes con branding adidas Originals x Oasis. La Tour 3-Stripes Tee es una playera cl\u00e1sica y vers\u00e1til de manga larga de adidas Originals x Oasis. Actualizada para la gira mundial de Oasis 2025, esta playera adidas ofrece un corte slim fit y [...]\" \/>\n<meta property=\"og:url\" content=\"https:\/\/pedidosperu.com\/website\/product\/polo-adidas-originals-celeste-manga-larga-x-oasis-tour-3-stripes-longsleeve-tee\/\" \/>\n<meta property=\"og:site_name\" content=\"PedidosPeru.com\" \/>\n<meta property=\"article:publisher\" content=\"https:\/\/www.facebook.com\/pedidosperuoficial\" \/>\n<meta property=\"article:modified_time\" content=\"2025-12-26T00:29:11+00:00\" \/>\n<meta property=\"og:image\" content=\"https:\/\/pedidosperu.com\/website\/wp-content\/uploads\/2025\/12\/ca65daf1-19c7-4793-92ca-f8bbf320cbd9.jpg\" \/>\n\t<meta property=\"og:image:width\" content=\"900\" \/>\n\t<meta property=\"og:image:height\" content=\"1600\" \/>\n\t<meta property=\"og:image:type\" content=\"image\/jpeg\" \/>\n<meta name=\"twitter:card\" content=\"summary_large_image\" \/>\n<meta name=\"twitter:label1\" content=\"Tiempo de lectura\" \/>\n\t<meta name=\"twitter:data1\" content=\"1 minuto\" \/>\n<script type=\"application\/ld+json\" class=\"yoast-schema-graph\">{\"@context\":\"https:\\\/\\\/schema.org\",\"@graph\":[{\"@type\":\"WebPage\",\"@id\":\"https:\\\/\\\/pedidosperu.com\\\/website\\\/product\\\/polo-adidas-originals-celeste-manga-larga-x-oasis-tour-3-stripes-longsleeve-tee\\\/\",\"url\":\"https:\\\/\\\/pedidosperu.com\\\/website\\\/product\\\/polo-adidas-originals-celeste-manga-larga-x-oasis-tour-3-stripes-longsleeve-tee\\\/\",\"name\":\"Polo Adidas Originals \\\/ Celeste \\\/ Manga Larga \\\/ x Oasis Tour 3 Stripes Longsleeve Tee - PedidosPeru.com\",\"isPartOf\":{\"@id\":\"https:\\\/\\\/pedidosperu.com\\\/website\\\/#website\"},\"primaryImageOfPage\":{\"@id\":\"https:\\\/\\\/pedidosperu.com\\\/website\\\/product\\\/polo-adidas-originals-celeste-manga-larga-x-oasis-tour-3-stripes-longsleeve-tee\\\/#primaryimage\"},\"image\":{\"@id\":\"https:\\\/\\\/pedidosperu.com\\\/website\\\/product\\\/polo-adidas-originals-celeste-manga-larga-x-oasis-tour-3-stripes-longsleeve-tee\\\/#primaryimage\"},\"thumbnailUrl\":\"https:\\\/\\\/i0.wp.com\\\/pedidosperu.com\\\/website\\\/wp-content\\\/uploads\\\/2025\\\/12\\\/ca65daf1-19c7-4793-92ca-f8bbf320cbd9.jpg?fit=900%2C1600&ssl=1\",\"datePublished\":\"2025-12-05T04:53:25+00:00\",\"dateModified\":\"2025-12-26T00:29:11+00:00\",\"breadcrumb\":{\"@id\":\"https:\\\/\\\/pedidosperu.com\\\/website\\\/product\\\/polo-adidas-originals-celeste-manga-larga-x-oasis-tour-3-stripes-longsleeve-tee\\\/#breadcrumb\"},\"inLanguage\":\"es\",\"potentialAction\":[{\"@type\":\"ReadAction\",\"target\":[\"https:\\\/\\\/pedidosperu.com\\\/website\\\/product\\\/polo-adidas-originals-celeste-manga-larga-x-oasis-tour-3-stripes-longsleeve-tee\\\/\"]}]},{\"@type\":\"ImageObject\",\"inLanguage\":\"es\",\"@id\":\"https:\\\/\\\/pedidosperu.com\\\/website\\\/product\\\/polo-adidas-originals-celeste-manga-larga-x-oasis-tour-3-stripes-longsleeve-tee\\\/#primaryimage\",\"url\":\"https:\\\/\\\/i0.wp.com\\\/pedidosperu.com\\\/website\\\/wp-content\\\/uploads\\\/2025\\\/12\\\/ca65daf1-19c7-4793-92ca-f8bbf320cbd9.jpg?fit=900%2C1600&ssl=1\",\"contentUrl\":\"https:\\\/\\\/i0.wp.com\\\/pedidosperu.com\\\/website\\\/wp-content\\\/uploads\\\/2025\\\/12\\\/ca65daf1-19c7-4793-92ca-f8bbf320cbd9.jpg?fit=900%2C1600&ssl=1\",\"width\":900,\"height\":1600},{\"@type\":\"BreadcrumbList\",\"@id\":\"https:\\\/\\\/pedidosperu.com\\\/website\\\/product\\\/polo-adidas-originals-celeste-manga-larga-x-oasis-tour-3-stripes-longsleeve-tee\\\/#breadcrumb\",\"itemListElement\":[{\"@type\":\"ListItem\",\"position\":1,\"name\":\"Shop\",\"item\":\"https:\\\/\\\/pedidosperu.com\\\/website\\\/shop\\\/\"},{\"@type\":\"ListItem\",\"position\":2,\"name\":\"Polo Adidas Originals \\\/ Celeste \\\/ Manga Larga \\\/ x Oasis Tour 3 Stripes Longsleeve Tee\"}]},{\"@type\":\"WebSite\",\"@id\":\"https:\\\/\\\/pedidosperu.com\\\/website\\\/#website\",\"url\":\"https:\\\/\\\/pedidosperu.com\\\/website\\\/\",\"name\":\"PedidosPeru.com\",\"description\":\"Detalles 100% Personalizados\",\"publisher\":{\"@id\":\"https:\\\/\\\/pedidosperu.com\\\/website\\\/#organization\"},\"potentialAction\":[{\"@type\":\"SearchAction\",\"target\":{\"@type\":\"EntryPoint\",\"urlTemplate\":\"https:\\\/\\\/pedidosperu.com\\\/website\\\/?s={search_term_string}\"},\"query-input\":{\"@type\":\"PropertyValueSpecification\",\"valueRequired\":true,\"valueName\":\"search_term_string\"}}],\"inLanguage\":\"es\"},{\"@type\":\"Organization\",\"@id\":\"https:\\\/\\\/pedidosperu.com\\\/website\\\/#organization\",\"name\":\"PedidosPeru.com\",\"url\":\"https:\\\/\\\/pedidosperu.com\\\/website\\\/\",\"logo\":{\"@type\":\"ImageObject\",\"inLanguage\":\"es\",\"@id\":\"https:\\\/\\\/pedidosperu.com\\\/website\\\/#\\\/schema\\\/logo\\\/image\\\/\",\"url\":\"https:\\\/\\\/pedidosperu.com\\\/website\\\/wp-content\\\/uploads\\\/2023\\\/08\\\/Logo_PP1.png\",\"contentUrl\":\"https:\\\/\\\/pedidosperu.com\\\/website\\\/wp-content\\\/uploads\\\/2023\\\/08\\\/Logo_PP1.png\",\"width\":1464,\"height\":792,\"caption\":\"PedidosPeru.com\"},\"image\":{\"@id\":\"https:\\\/\\\/pedidosperu.com\\\/website\\\/#\\\/schema\\\/logo\\\/image\\\/\"},\"sameAs\":[\"https:\\\/\\\/www.facebook.com\\\/pedidosperuoficial\",\"https:\\\/\\\/www.instagram.com\\\/pedidosperuoficial\\\/\"]}]}<\/script>\n<!-- \/ Yoast SEO plugin. -->","yoast_head_json":{"title":"Polo Adidas Originals \/ Celeste \/ Manga Larga \/ x Oasis Tour 3 Stripes Longsleeve Tee - PedidosPeru.com","robots":{"index":"index","follow":"follow","max-snippet":"max-snippet:-1","max-image-preview":"max-image-preview:large","max-video-preview":"max-video-preview:-1"},"canonical":"https:\/\/pedidosperu.com\/website\/product\/polo-adidas-originals-celeste-manga-larga-x-oasis-tour-3-stripes-longsleeve-tee\/","og_locale":"es_ES","og_type":"article","og_title":"Polo Adidas Originals \/ Celeste \/ Manga Larga \/ x Oasis Tour 3 Stripes Longsleeve Tee - PedidosPeru.com","og_description":"Playera de manga larga con inspiraci\u00f3n vintage de The Band With The 3 Stripes con branding adidas Originals x Oasis. La Tour 3-Stripes Tee es una playera cl\u00e1sica y vers\u00e1til de manga larga de adidas Originals x Oasis. Actualizada para la gira mundial de Oasis 2025, esta playera adidas ofrece un corte slim fit y [...]","og_url":"https:\/\/pedidosperu.com\/website\/product\/polo-adidas-originals-celeste-manga-larga-x-oasis-tour-3-stripes-longsleeve-tee\/","og_site_name":"PedidosPeru.com","article_publisher":"https:\/\/www.facebook.com\/pedidosperuoficial","article_modified_time":"2025-12-26T00:29:11+00:00","og_image":[{"width":900,"height":1600,"url":"https:\/\/pedidosperu.com\/website\/wp-content\/uploads\/2025\/12\/ca65daf1-19c7-4793-92ca-f8bbf320cbd9.jpg","type":"image\/jpeg"}],"twitter_card":"summary_large_image","twitter_misc":{"Tiempo de lectura":"1 minuto"},"schema":{"@context":"https:\/\/schema.org","@graph":[{"@type":"WebPage","@id":"https:\/\/pedidosperu.com\/website\/product\/polo-adidas-originals-celeste-manga-larga-x-oasis-tour-3-stripes-longsleeve-tee\/","url":"https:\/\/pedidosperu.com\/website\/product\/polo-adidas-originals-celeste-manga-larga-x-oasis-tour-3-stripes-longsleeve-tee\/","name":"Polo Adidas Originals \/ Celeste \/ Manga Larga \/ x Oasis Tour 3 Stripes Longsleeve Tee - PedidosPeru.com","isPartOf":{"@id":"https:\/\/pedidosperu.com\/website\/#website"},"primaryImageOfPage":{"@id":"https:\/\/pedidosperu.com\/website\/product\/polo-adidas-originals-celeste-manga-larga-x-oasis-tour-3-stripes-longsleeve-tee\/#primaryimage"},"image":{"@id":"https:\/\/pedidosperu.com\/website\/product\/polo-adidas-originals-celeste-manga-larga-x-oasis-tour-3-stripes-longsleeve-tee\/#primaryimage"},"thumbnailUrl":"https:\/\/i0.wp.com\/pedidosperu.com\/website\/wp-content\/uploads\/2025\/12\/ca65daf1-19c7-4793-92ca-f8bbf320cbd9.jpg?fit=900%2C1600&ssl=1","datePublished":"2025-12-05T04:53:25+00:00","dateModified":"2025-12-26T00:29:11+00:00","breadcrumb":{"@id":"https:\/\/pedidosperu.com\/website\/product\/polo-adidas-originals-celeste-manga-larga-x-oasis-tour-3-stripes-longsleeve-tee\/#breadcrumb"},"inLanguage":"es","potentialAction":[{"@type":"ReadAction","target":["https:\/\/pedidosperu.com\/website\/product\/polo-adidas-originals-celeste-manga-larga-x-oasis-tour-3-stripes-longsleeve-tee\/"]}]},{"@type":"ImageObject","inLanguage":"es","@id":"https:\/\/pedidosperu.com\/website\/product\/polo-adidas-originals-celeste-manga-larga-x-oasis-tour-3-stripes-longsleeve-tee\/#primaryimage","url":"https:\/\/i0.wp.com\/pedidosperu.com\/website\/wp-content\/uploads\/2025\/12\/ca65daf1-19c7-4793-92ca-f8bbf320cbd9.jpg?fit=900%2C1600&ssl=1","contentUrl":"https:\/\/i0.wp.com\/pedidosperu.com\/website\/wp-content\/uploads\/2025\/12\/ca65daf1-19c7-4793-92ca-f8bbf320cbd9.jpg?fit=900%2C1600&ssl=1","width":900,"height":1600},{"@type":"BreadcrumbList","@id":"https:\/\/pedidosperu.com\/website\/product\/polo-adidas-originals-celeste-manga-larga-x-oasis-tour-3-stripes-longsleeve-tee\/#breadcrumb","itemListElement":[{"@type":"ListItem","position":1,"name":"Shop","item":"https:\/\/pedidosperu.com\/website\/shop\/"},{"@type":"ListItem","position":2,"name":"Polo Adidas Originals \/ Celeste \/ Manga Larga \/ x Oasis Tour 3 Stripes Longsleeve Tee"}]},{"@type":"WebSite","@id":"https:\/\/pedidosperu.com\/website\/#website","url":"https:\/\/pedidosperu.com\/website\/","name":"PedidosPeru.com","description":"Detalles 100% Personalizados","publisher":{"@id":"https:\/\/pedidosperu.com\/website\/#organization"},"potentialAction":[{"@type":"SearchAction","target":{"@type":"EntryPoint","urlTemplate":"https:\/\/pedidosperu.com\/website\/?s={search_term_string}"},"query-input":{"@type":"PropertyValueSpecification","valueRequired":true,"valueName":"search_term_string"}}],"inLanguage":"es"},{"@type":"Organization","@id":"https:\/\/pedidosperu.com\/website\/#organization","name":"PedidosPeru.com","url":"https:\/\/pedidosperu.com\/website\/","logo":{"@type":"ImageObject","inLanguage":"es","@id":"https:\/\/pedidosperu.com\/website\/#\/schema\/logo\/image\/","url":"https:\/\/pedidosperu.com\/website\/wp-content\/uploads\/2023\/08\/Logo_PP1.png","contentUrl":"https:\/\/pedidosperu.com\/website\/wp-content\/uploads\/2023\/08\/Logo_PP1.png","width":1464,"height":792,"caption":"PedidosPeru.com"},"image":{"@id":"https:\/\/pedidosperu.com\/website\/#\/schema\/logo\/image\/"},"sameAs":["https:\/\/www.facebook.com\/pedidosperuoficial","https:\/\/www.instagram.com\/pedidosperuoficial\/"]}]}},"jetpack_publicize_connections":[],"jetpack_sharing_enabled":true,"jetpack_likes_enabled":true,"jetpack-related-posts":[{"id":10155,"url":"https:\/\/pedidosperu.com\/website\/product\/polo-adidas-originals-celeste-manga-corta-x-oasis-tour-3-stripes-longsleeve-tee\/","url_meta":{"origin":10110,"position":0},"title":"Polo Adidas Originals \/ Celeste \/ Manga Corta \/ x Oasis Tour 3 Stripes Longsleeve Tee","author":"webmaster","date":"09\/12\/2025","format":false,"excerpt":"Playera de manga larga con inspiraci\u00f3n vintage de The Band With The 3 Stripes con branding adidas Originals x Oasis. La Tour 3-Stripes Tee es una playera cl\u00e1sica y vers\u00e1til de manga larga de adidas Originals x Oasis. Actualizada para la gira mundial de Oasis 2025, esta playera adidas ofrece\u2026","rel":"","context":"Entrada similar","block_context":{"text":"Entrada similar","link":""},"img":{"alt_text":"","src":"https:\/\/i0.wp.com\/pedidosperu.com\/website\/wp-content\/uploads\/2025\/12\/3d6db3f3-c252-4d94-b0fa-78e541354b52.jpg?fit=675%2C1200&ssl=1&resize=350%2C200","width":350,"height":200,"srcset":"https:\/\/i0.wp.com\/pedidosperu.com\/website\/wp-content\/uploads\/2025\/12\/3d6db3f3-c252-4d94-b0fa-78e541354b52.jpg?fit=675%2C1200&ssl=1&resize=350%2C200 1x, https:\/\/i0.wp.com\/pedidosperu.com\/website\/wp-content\/uploads\/2025\/12\/3d6db3f3-c252-4d94-b0fa-78e541354b52.jpg?fit=675%2C1200&ssl=1&resize=525%2C300 1.5x"},"classes":[]},{"id":10127,"url":"https:\/\/pedidosperu.com\/website\/product\/polo-adidas-originals-negro-manga-corta-x-oasis-tour-3-stripes-longsleeve-tee\/","url_meta":{"origin":10110,"position":1},"title":"Polo Adidas Originals \/ Negro \/ Manga Corta \/ x Oasis Tour 3 Stripes Longsleeve Tee","author":"webmaster","date":"04\/12\/2025","format":false,"excerpt":"Una camiseta de manga corta e inspiraci\u00f3n vintage de la marca de las 3 bandas, con logotipo de adidas Originals x Oasis.","rel":"","context":"Entrada similar","block_context":{"text":"Entrada similar","link":""},"img":{"alt_text":"","src":"https:\/\/i0.wp.com\/pedidosperu.com\/website\/wp-content\/uploads\/2025\/12\/1640676a-33a9-485b-88e4-ad94f6dcff4d.jpg?fit=675%2C1200&ssl=1&resize=350%2C200","width":350,"height":200,"srcset":"https:\/\/i0.wp.com\/pedidosperu.com\/website\/wp-content\/uploads\/2025\/12\/1640676a-33a9-485b-88e4-ad94f6dcff4d.jpg?fit=675%2C1200&ssl=1&resize=350%2C200 1x, https:\/\/i0.wp.com\/pedidosperu.com\/website\/wp-content\/uploads\/2025\/12\/1640676a-33a9-485b-88e4-ad94f6dcff4d.jpg?fit=675%2C1200&ssl=1&resize=525%2C300 1.5x"},"classes":[]},{"id":3388,"url":"https:\/\/pedidosperu.com\/website\/product\/polo-rock-oasis-manga-3-4\/","url_meta":{"origin":10110,"position":2},"title":"Polo Rock Oasis &#8211; Manga 3\/4","author":"webmaster","date":"10\/12\/2020","format":false,"excerpt":"Polo \u2013 Oasis - Manga Raglan Dise\u00f1os exclusivos. Polo 100% Algod\u00f3n (20\/1). Estampado en vinil textil importado \/ transfer de muy buena calidad. El color del dise\u00f1o puede variar seg\u00fan lo desee, solo debe indicarlo al momento de la compra. Consultar otras tallas, color de polo y\/o dise\u00f1os personalizados para\u2026","rel":"","context":"Entrada similar","block_context":{"text":"Entrada similar","link":""},"img":{"alt_text":"","src":"https:\/\/i0.wp.com\/pedidosperu.com\/website\/wp-content\/uploads\/2020\/12\/P3-OAS-004.jpg?fit=723%2C845&ssl=1&resize=350%2C200","width":350,"height":200,"srcset":"https:\/\/i0.wp.com\/pedidosperu.com\/website\/wp-content\/uploads\/2020\/12\/P3-OAS-004.jpg?fit=723%2C845&ssl=1&resize=350%2C200 1x, https:\/\/i0.wp.com\/pedidosperu.com\/website\/wp-content\/uploads\/2020\/12\/P3-OAS-004.jpg?fit=723%2C845&ssl=1&resize=525%2C300 1.5x, https:\/\/i0.wp.com\/pedidosperu.com\/website\/wp-content\/uploads\/2020\/12\/P3-OAS-004.jpg?fit=723%2C845&ssl=1&resize=700%2C400 2x"},"classes":[]},{"id":689,"url":"https:\/\/pedidosperu.com\/website\/product\/polo-oasis-m01\/","url_meta":{"origin":10110,"position":3},"title":"Polo Oasis \/ M01","author":"webmaster","date":"15\/12\/2019","format":false,"excerpt":"Polo Oasis \/ M01 Dise\u00f1os exclusivos. Polo 100% Algod\u00f3n (20\/1). Estampado en vinil textil importado \/ transfer de muy buena calidad. El color del dise\u00f1o puede variar seg\u00fan lo desee, solo debe indicarlo al momento de la compra. Consultar otras tallas, color de polo y\/o dise\u00f1os personalizados para empresas o\u2026","rel":"","context":"Entrada similar","block_context":{"text":"Entrada similar","link":""},"img":{"alt_text":"","src":"https:\/\/i0.wp.com\/pedidosperu.com\/website\/wp-content\/uploads\/2019\/12\/Polo_2a.jpg?fit=723%2C845&ssl=1&resize=350%2C200","width":350,"height":200,"srcset":"https:\/\/i0.wp.com\/pedidosperu.com\/website\/wp-content\/uploads\/2019\/12\/Polo_2a.jpg?fit=723%2C845&ssl=1&resize=350%2C200 1x, https:\/\/i0.wp.com\/pedidosperu.com\/website\/wp-content\/uploads\/2019\/12\/Polo_2a.jpg?fit=723%2C845&ssl=1&resize=525%2C300 1.5x, https:\/\/i0.wp.com\/pedidosperu.com\/website\/wp-content\/uploads\/2019\/12\/Polo_2a.jpg?fit=723%2C845&ssl=1&resize=700%2C400 2x"},"classes":[]},{"id":724,"url":"https:\/\/pedidosperu.com\/website\/product\/polo-oasis-m03\/","url_meta":{"origin":10110,"position":4},"title":"Polo Oasis \/ M03","author":"webmaster","date":"15\/12\/2019","format":false,"excerpt":"Polo Oasis \/ M03 Dise\u00f1os exclusivos. Polo 100% Algod\u00f3n (20\/1). Estampado en vinil textil importado \/ transfer de muy buena calidad. El color del dise\u00f1o puede variar seg\u00fan lo desee, solo debe indicarlo al momento de la compra. Consultar otras tallas, color de polo y\/o dise\u00f1os personalizados para empresas o\u2026","rel":"","context":"Entrada similar","block_context":{"text":"Entrada similar","link":""},"img":{"alt_text":"","src":"https:\/\/i0.wp.com\/pedidosperu.com\/website\/wp-content\/uploads\/2019\/12\/Polo_4.jpg?fit=723%2C845&ssl=1&resize=350%2C200","width":350,"height":200,"srcset":"https:\/\/i0.wp.com\/pedidosperu.com\/website\/wp-content\/uploads\/2019\/12\/Polo_4.jpg?fit=723%2C845&ssl=1&resize=350%2C200 1x, https:\/\/i0.wp.com\/pedidosperu.com\/website\/wp-content\/uploads\/2019\/12\/Polo_4.jpg?fit=723%2C845&ssl=1&resize=525%2C300 1.5x, https:\/\/i0.wp.com\/pedidosperu.com\/website\/wp-content\/uploads\/2019\/12\/Polo_4.jpg?fit=723%2C845&ssl=1&resize=700%2C400 2x"},"classes":[]},{"id":7198,"url":"https:\/\/pedidosperu.com\/website\/product\/polo-oasis-oas-poc-25-neg-1001\/","url_meta":{"origin":10110,"position":5},"title":"Polo Oasis \/ OAS-POC-25-NEG-1001","author":"webmaster","date":"29\/07\/2025","format":false,"excerpt":"Polo Oasis \/ OAS-POC-25-NEG-1001 Dise\u00f1os exclusivos. Polo 100% Algod\u00f3n. Estampado en vinil textil importado \/ transfer de muy buena calidad. El color del dise\u00f1o puede variar seg\u00fan lo desee, solo debe indicarlo al momento de la compra. Consultar otras tallas, color de polo y\/o dise\u00f1os personalizados para empresas o eventos\u2026","rel":"","context":"Entrada similar","block_context":{"text":"Entrada similar","link":""},"img":{"alt_text":"","src":"https:\/\/i0.wp.com\/pedidosperu.com\/website\/wp-content\/uploads\/2025\/07\/OAS-POC-25-NEG-1001F.jpg?fit=900%2C1200&ssl=1&resize=350%2C200","width":350,"height":200,"srcset":"https:\/\/i0.wp.com\/pedidosperu.com\/website\/wp-content\/uploads\/2025\/07\/OAS-POC-25-NEG-1001F.jpg?fit=900%2C1200&ssl=1&resize=350%2C200 1x, https:\/\/i0.wp.com\/pedidosperu.com\/website\/wp-content\/uploads\/2025\/07\/OAS-POC-25-NEG-1001F.jpg?fit=900%2C1200&ssl=1&resize=525%2C300 1.5x, https:\/\/i0.wp.com\/pedidosperu.com\/website\/wp-content\/uploads\/2025\/07\/OAS-POC-25-NEG-1001F.jpg?fit=900%2C1200&ssl=1&resize=700%2C400 2x"},"classes":[]}],"_links":{"self":[{"href":"https:\/\/pedidosperu.com\/website\/wp-json\/wp\/v2\/product\/10110","targetHints":{"allow":["GET"]}}],"collection":[{"href":"https:\/\/pedidosperu.com\/website\/wp-json\/wp\/v2\/product"}],"about":[{"href":"https:\/\/pedidosperu.com\/website\/wp-json\/wp\/v2\/types\/product"}],"replies":[{"embeddable":true,"href":"https:\/\/pedidosperu.com\/website\/wp-json\/wp\/v2\/comments?post=10110"}],"wp:featuredmedia":[{"embeddable":true,"href":"https:\/\/pedidosperu.com\/website\/wp-json\/wp\/v2\/media\/10173"}],"wp:attachment":[{"href":"https:\/\/pedidosperu.com\/website\/wp-json\/wp\/v2\/media?parent=10110"}],"wp:term":[{"taxonomy":"product_brand","embeddable":true,"href":"https:\/\/pedidosperu.com\/website\/wp-json\/wp\/v2\/product_brand?post=10110"},{"taxonomy":"product_cat","embeddable":true,"href":"https:\/\/pedidosperu.com\/website\/wp-json\/wp\/v2\/product_cat?post=10110"},{"taxonomy":"product_tag","embeddable":true,"href":"https:\/\/pedidosperu.com\/website\/wp-json\/wp\/v2\/product_tag?post=10110"}],"curies":[{"name":"wp","href":"https:\/\/api.w.org\/{rel}","templated":true}]}}