{"id":2716,"date":"2020-07-06T22:43:32","date_gmt":"2020-07-07T03:43:32","guid":{"rendered":"https:\/\/pedidosperu.com\/website\/?post_type=product&#038;p=2716"},"modified":"2025-06-11T23:31:05","modified_gmt":"2025-06-12T04:31:05","slug":"gorro-rock-blink-182-m01","status":"publish","type":"product","link":"https:\/\/pedidosperu.com\/website\/product\/gorro-rock-blink-182-m01\/","title":{"rendered":"Gorro Rock \/ Blink 182 \/ M01"},"content":{"rendered":"<body><p>*** Gorros regulables con estampados de alta calidad. \/ Vinil Textil Especial<br>\n*** Gorros en todos los colores y combinaciones.<br>\n*** Consultar por otros modelos 100% personalizados, tela, tallas y\/o color. Env\u00edenos su imagen o la direcci\u00f3n web de la misma.<br>\n*** Productos a pedido con 02 d\u00edas de anticipaci\u00f3n.<br>\n*** Dise\u00f1amos cualquier modelo para empresas, eventos y fechas especiales.<br>\n*** Compra 100% protegida.<\/p>\n<p>Cons\u00faltenos! Respondemos r\u00e1pidamente<\/p>\n<\/body>","protected":false},"excerpt":{"rendered":"<p>Dise\u00f1os exclusivos. Estampado en vinil textil importado \/ transfer de muy buena calidad.<\/p>\n<p>El color del dise\u00f1o puede variar seg\u00fan lo desee, solo debe indicarlo al momento de la compra.<\/p>\n<p>Consultar colores y\/o dise\u00f1os personalizados para empresas o eventos al email : <a href=\"mailto:ventas@pedidosperu.com\"><strong>ventas@pedidosperu.com<\/strong><\/a><\/p>\n","protected":false},"featured_media":4478,"comment_status":"open","ping_status":"closed","template":"","meta":{"om_disable_all_campaigns":false,"_monsterinsights_skip_tracking":false,"_monsterinsights_sitenote_active":false,"_monsterinsights_sitenote_note":"","_monsterinsights_sitenote_category":0,"_uf_show_specific_survey":0,"_uf_disable_surveys":false,"jetpack_post_was_ever_published":false,"_joinchat":{"telephone":"+51981383646","message_text":"Alguna duda en color o dise\u00f1o? Cons\u00faltenos sin problemas !!!","message_send":"Saludos, visit\u00e9 {SITE} y me interesa adquirir {PRODUCT} con precio {PRICE}... me puede dar m\u00e1s informaci\u00f3n?"},"jetpack_publicize_message":"","jetpack_publicize_feature_enabled":true,"jetpack_social_post_already_shared":true,"jetpack_social_options":{"image_generator_settings":{"template":"highway","default_image_id":0,"font":"","enabled":false},"version":2}},"product_brand":[],"product_cat":[15],"product_tag":[198],"class_list":{"0":"post-2716","1":"product","2":"type-product","3":"status-publish","4":"has-post-thumbnail","6":"product_cat-otros","7":"product_tag-blink-182","9":"first","10":"instock","11":"shipping-taxable","12":"purchasable","13":"product-type-simple"},"supplier_id":null,"supplier_sku":"","barcode":null,"atum_controlled":true,"out_stock_date":null,"out_stock_threshold":null,"inheritable":false,"inbound_stock":0,"stock_on_hold":0,"sold_today":0,"sales_last_days":0,"reserved_stock":0,"customer_returns":0,"warehouse_damage":0,"lost_in_post":0,"other_logs":0,"out_stock_days":0,"lost_sales":0,"has_location":false,"update_date":"2026-04-28T04:40:31","atum_locations":[],"atum_stock_status":"instock","restock_status":false,"low_stock_amount":"","sales_update_date":"2026-04-28T04:40:31","calc_backorders":null,"yoast_head":"<!-- This site is optimized with the Yoast SEO plugin v27.4 - https:\/\/yoast.com\/product\/yoast-seo-wordpress\/ -->\n<title>Gorro Rock \/ Blink 182 \/ M01 - PedidosPeru.com<\/title>\n<meta name=\"robots\" content=\"index, follow, max-snippet:-1, max-image-preview:large, max-video-preview:-1\" \/>\n<link rel=\"canonical\" href=\"https:\/\/pedidosperu.com\/website\/product\/gorro-rock-blink-182-m01\/\" \/>\n<meta property=\"og:locale\" content=\"es_ES\" \/>\n<meta property=\"og:type\" content=\"article\" \/>\n<meta property=\"og:title\" content=\"Gorro Rock \/ Blink 182 \/ M01 - PedidosPeru.com\" \/>\n<meta property=\"og:description\" content=\"Dise\u00f1os exclusivos. Estampado en vinil textil importado \/ transfer de muy buena calidad.  El color del dise\u00f1o puede variar seg\u00fan lo desee, solo debe indicarlo al momento de la compra.  Consultar colores y\/o dise\u00f1os personalizados para empresas o eventos al email : ventas@pedidosperu.com\" \/>\n<meta property=\"og:url\" content=\"https:\/\/pedidosperu.com\/website\/product\/gorro-rock-blink-182-m01\/\" \/>\n<meta property=\"og:site_name\" content=\"PedidosPeru.com\" \/>\n<meta property=\"article:publisher\" content=\"https:\/\/www.facebook.com\/pedidosperuoficial\" \/>\n<meta property=\"article:modified_time\" content=\"2025-06-12T04:31:05+00:00\" \/>\n<meta property=\"og:image\" content=\"https:\/\/pedidosperu.com\/website\/wp-content\/uploads\/2020\/07\/GorroBlink04.jpg\" \/>\n\t<meta property=\"og:image:width\" content=\"750\" \/>\n\t<meta property=\"og:image:height\" content=\"720\" \/>\n\t<meta property=\"og:image:type\" content=\"image\/jpeg\" \/>\n<meta name=\"twitter:card\" content=\"summary_large_image\" \/>\n<script type=\"application\/ld+json\" class=\"yoast-schema-graph\">{\"@context\":\"https:\\\/\\\/schema.org\",\"@graph\":[{\"@type\":\"WebPage\",\"@id\":\"https:\\\/\\\/pedidosperu.com\\\/website\\\/product\\\/gorro-rock-blink-182-m01\\\/\",\"url\":\"https:\\\/\\\/pedidosperu.com\\\/website\\\/product\\\/gorro-rock-blink-182-m01\\\/\",\"name\":\"Gorro Rock \\\/ Blink 182 \\\/ M01 - PedidosPeru.com\",\"isPartOf\":{\"@id\":\"https:\\\/\\\/pedidosperu.com\\\/website\\\/#website\"},\"primaryImageOfPage\":{\"@id\":\"https:\\\/\\\/pedidosperu.com\\\/website\\\/product\\\/gorro-rock-blink-182-m01\\\/#primaryimage\"},\"image\":{\"@id\":\"https:\\\/\\\/pedidosperu.com\\\/website\\\/product\\\/gorro-rock-blink-182-m01\\\/#primaryimage\"},\"thumbnailUrl\":\"https:\\\/\\\/i0.wp.com\\\/pedidosperu.com\\\/website\\\/wp-content\\\/uploads\\\/2020\\\/07\\\/GorroBlink04.jpg?fit=750%2C720&ssl=1\",\"datePublished\":\"2020-07-07T03:43:32+00:00\",\"dateModified\":\"2025-06-12T04:31:05+00:00\",\"breadcrumb\":{\"@id\":\"https:\\\/\\\/pedidosperu.com\\\/website\\\/product\\\/gorro-rock-blink-182-m01\\\/#breadcrumb\"},\"inLanguage\":\"es\",\"potentialAction\":[{\"@type\":\"ReadAction\",\"target\":[\"https:\\\/\\\/pedidosperu.com\\\/website\\\/product\\\/gorro-rock-blink-182-m01\\\/\"]}]},{\"@type\":\"ImageObject\",\"inLanguage\":\"es\",\"@id\":\"https:\\\/\\\/pedidosperu.com\\\/website\\\/product\\\/gorro-rock-blink-182-m01\\\/#primaryimage\",\"url\":\"https:\\\/\\\/i0.wp.com\\\/pedidosperu.com\\\/website\\\/wp-content\\\/uploads\\\/2020\\\/07\\\/GorroBlink04.jpg?fit=750%2C720&ssl=1\",\"contentUrl\":\"https:\\\/\\\/i0.wp.com\\\/pedidosperu.com\\\/website\\\/wp-content\\\/uploads\\\/2020\\\/07\\\/GorroBlink04.jpg?fit=750%2C720&ssl=1\",\"width\":750,\"height\":720},{\"@type\":\"BreadcrumbList\",\"@id\":\"https:\\\/\\\/pedidosperu.com\\\/website\\\/product\\\/gorro-rock-blink-182-m01\\\/#breadcrumb\",\"itemListElement\":[{\"@type\":\"ListItem\",\"position\":1,\"name\":\"Shop\",\"item\":\"https:\\\/\\\/pedidosperu.com\\\/website\\\/shop\\\/\"},{\"@type\":\"ListItem\",\"position\":2,\"name\":\"Gorro Rock \\\/ Blink 182 \\\/ M01\"}]},{\"@type\":\"WebSite\",\"@id\":\"https:\\\/\\\/pedidosperu.com\\\/website\\\/#website\",\"url\":\"https:\\\/\\\/pedidosperu.com\\\/website\\\/\",\"name\":\"PedidosPeru.com\",\"description\":\"Detalles 100% Personalizados\",\"publisher\":{\"@id\":\"https:\\\/\\\/pedidosperu.com\\\/website\\\/#organization\"},\"potentialAction\":[{\"@type\":\"SearchAction\",\"target\":{\"@type\":\"EntryPoint\",\"urlTemplate\":\"https:\\\/\\\/pedidosperu.com\\\/website\\\/?s={search_term_string}\"},\"query-input\":{\"@type\":\"PropertyValueSpecification\",\"valueRequired\":true,\"valueName\":\"search_term_string\"}}],\"inLanguage\":\"es\"},{\"@type\":\"Organization\",\"@id\":\"https:\\\/\\\/pedidosperu.com\\\/website\\\/#organization\",\"name\":\"PedidosPeru.com\",\"url\":\"https:\\\/\\\/pedidosperu.com\\\/website\\\/\",\"logo\":{\"@type\":\"ImageObject\",\"inLanguage\":\"es\",\"@id\":\"https:\\\/\\\/pedidosperu.com\\\/website\\\/#\\\/schema\\\/logo\\\/image\\\/\",\"url\":\"https:\\\/\\\/pedidosperu.com\\\/website\\\/wp-content\\\/uploads\\\/2023\\\/08\\\/Logo_PP1.png\",\"contentUrl\":\"https:\\\/\\\/pedidosperu.com\\\/website\\\/wp-content\\\/uploads\\\/2023\\\/08\\\/Logo_PP1.png\",\"width\":1464,\"height\":792,\"caption\":\"PedidosPeru.com\"},\"image\":{\"@id\":\"https:\\\/\\\/pedidosperu.com\\\/website\\\/#\\\/schema\\\/logo\\\/image\\\/\"},\"sameAs\":[\"https:\\\/\\\/www.facebook.com\\\/pedidosperuoficial\",\"https:\\\/\\\/www.instagram.com\\\/pedidosperuoficial\\\/\"]}]}<\/script>\n<!-- \/ Yoast SEO plugin. -->","yoast_head_json":{"title":"Gorro Rock \/ Blink 182 \/ M01 - PedidosPeru.com","robots":{"index":"index","follow":"follow","max-snippet":"max-snippet:-1","max-image-preview":"max-image-preview:large","max-video-preview":"max-video-preview:-1"},"canonical":"https:\/\/pedidosperu.com\/website\/product\/gorro-rock-blink-182-m01\/","og_locale":"es_ES","og_type":"article","og_title":"Gorro Rock \/ Blink 182 \/ M01 - PedidosPeru.com","og_description":"Dise\u00f1os exclusivos. Estampado en vinil textil importado \/ transfer de muy buena calidad.  El color del dise\u00f1o puede variar seg\u00fan lo desee, solo debe indicarlo al momento de la compra.  Consultar colores y\/o dise\u00f1os personalizados para empresas o eventos al email : ventas@pedidosperu.com","og_url":"https:\/\/pedidosperu.com\/website\/product\/gorro-rock-blink-182-m01\/","og_site_name":"PedidosPeru.com","article_publisher":"https:\/\/www.facebook.com\/pedidosperuoficial","article_modified_time":"2025-06-12T04:31:05+00:00","og_image":[{"width":750,"height":720,"url":"https:\/\/pedidosperu.com\/website\/wp-content\/uploads\/2020\/07\/GorroBlink04.jpg","type":"image\/jpeg"}],"twitter_card":"summary_large_image","schema":{"@context":"https:\/\/schema.org","@graph":[{"@type":"WebPage","@id":"https:\/\/pedidosperu.com\/website\/product\/gorro-rock-blink-182-m01\/","url":"https:\/\/pedidosperu.com\/website\/product\/gorro-rock-blink-182-m01\/","name":"Gorro Rock \/ Blink 182 \/ M01 - PedidosPeru.com","isPartOf":{"@id":"https:\/\/pedidosperu.com\/website\/#website"},"primaryImageOfPage":{"@id":"https:\/\/pedidosperu.com\/website\/product\/gorro-rock-blink-182-m01\/#primaryimage"},"image":{"@id":"https:\/\/pedidosperu.com\/website\/product\/gorro-rock-blink-182-m01\/#primaryimage"},"thumbnailUrl":"https:\/\/i0.wp.com\/pedidosperu.com\/website\/wp-content\/uploads\/2020\/07\/GorroBlink04.jpg?fit=750%2C720&ssl=1","datePublished":"2020-07-07T03:43:32+00:00","dateModified":"2025-06-12T04:31:05+00:00","breadcrumb":{"@id":"https:\/\/pedidosperu.com\/website\/product\/gorro-rock-blink-182-m01\/#breadcrumb"},"inLanguage":"es","potentialAction":[{"@type":"ReadAction","target":["https:\/\/pedidosperu.com\/website\/product\/gorro-rock-blink-182-m01\/"]}]},{"@type":"ImageObject","inLanguage":"es","@id":"https:\/\/pedidosperu.com\/website\/product\/gorro-rock-blink-182-m01\/#primaryimage","url":"https:\/\/i0.wp.com\/pedidosperu.com\/website\/wp-content\/uploads\/2020\/07\/GorroBlink04.jpg?fit=750%2C720&ssl=1","contentUrl":"https:\/\/i0.wp.com\/pedidosperu.com\/website\/wp-content\/uploads\/2020\/07\/GorroBlink04.jpg?fit=750%2C720&ssl=1","width":750,"height":720},{"@type":"BreadcrumbList","@id":"https:\/\/pedidosperu.com\/website\/product\/gorro-rock-blink-182-m01\/#breadcrumb","itemListElement":[{"@type":"ListItem","position":1,"name":"Shop","item":"https:\/\/pedidosperu.com\/website\/shop\/"},{"@type":"ListItem","position":2,"name":"Gorro Rock \/ Blink 182 \/ M01"}]},{"@type":"WebSite","@id":"https:\/\/pedidosperu.com\/website\/#website","url":"https:\/\/pedidosperu.com\/website\/","name":"PedidosPeru.com","description":"Detalles 100% Personalizados","publisher":{"@id":"https:\/\/pedidosperu.com\/website\/#organization"},"potentialAction":[{"@type":"SearchAction","target":{"@type":"EntryPoint","urlTemplate":"https:\/\/pedidosperu.com\/website\/?s={search_term_string}"},"query-input":{"@type":"PropertyValueSpecification","valueRequired":true,"valueName":"search_term_string"}}],"inLanguage":"es"},{"@type":"Organization","@id":"https:\/\/pedidosperu.com\/website\/#organization","name":"PedidosPeru.com","url":"https:\/\/pedidosperu.com\/website\/","logo":{"@type":"ImageObject","inLanguage":"es","@id":"https:\/\/pedidosperu.com\/website\/#\/schema\/logo\/image\/","url":"https:\/\/pedidosperu.com\/website\/wp-content\/uploads\/2023\/08\/Logo_PP1.png","contentUrl":"https:\/\/pedidosperu.com\/website\/wp-content\/uploads\/2023\/08\/Logo_PP1.png","width":1464,"height":792,"caption":"PedidosPeru.com"},"image":{"@id":"https:\/\/pedidosperu.com\/website\/#\/schema\/logo\/image\/"},"sameAs":["https:\/\/www.facebook.com\/pedidosperuoficial","https:\/\/www.instagram.com\/pedidosperuoficial\/"]}]}},"jetpack_publicize_connections":[],"jetpack_sharing_enabled":true,"jetpack_likes_enabled":true,"jetpack-related-posts":[{"id":2713,"url":"https:\/\/pedidosperu.com\/website\/product\/gorro-rock-a-ha-m01\/","url_meta":{"origin":2716,"position":0},"title":"Gorro Rock \/ A-ha \/ M01","author":"webmaster","date":"06\/07\/2020","format":false,"excerpt":"Dise\u00f1os exclusivos. Estampado en vinil textil importado \/ transfer de muy buena calidad. El color del dise\u00f1o puede variar seg\u00fan lo desee, solo debe indicarlo al momento de la compra. Consultar colores y\/o dise\u00f1os personalizados para empresas o eventos al email : ventas@pedidosperu.com","rel":"","context":"Entrada similar","block_context":{"text":"Entrada similar","link":""},"img":{"alt_text":"","src":"https:\/\/i0.wp.com\/pedidosperu.com\/website\/wp-content\/uploads\/2020\/07\/GC-AHA-002a.jpg?fit=750%2C720&ssl=1&resize=350%2C200","width":350,"height":200,"srcset":"https:\/\/i0.wp.com\/pedidosperu.com\/website\/wp-content\/uploads\/2020\/07\/GC-AHA-002a.jpg?fit=750%2C720&ssl=1&resize=350%2C200 1x, https:\/\/i0.wp.com\/pedidosperu.com\/website\/wp-content\/uploads\/2020\/07\/GC-AHA-002a.jpg?fit=750%2C720&ssl=1&resize=525%2C300 1.5x, https:\/\/i0.wp.com\/pedidosperu.com\/website\/wp-content\/uploads\/2020\/07\/GC-AHA-002a.jpg?fit=750%2C720&ssl=1&resize=700%2C400 2x"},"classes":[]},{"id":1194,"url":"https:\/\/pedidosperu.com\/website\/product\/gorro-bon-jovi-m01\/","url_meta":{"origin":2716,"position":1},"title":"Gorro Bon Jovi \/ M01","author":"webmaster","date":"29\/12\/2019","format":false,"excerpt":"Dise\u00f1os exclusivos. Estampado en vinil textil importado \/ transfer de muy buena calidad. El color del dise\u00f1o puede variar seg\u00fan lo desee, solo debe indicarlo al momento de la compra. Consultar colores y\/o dise\u00f1os personalizados para empresas o eventos al email : ventas@pedidosperu.com","rel":"","context":"Entrada similar","block_context":{"text":"Entrada similar","link":""},"img":{"alt_text":"","src":"https:\/\/i0.wp.com\/pedidosperu.com\/website\/wp-content\/uploads\/2019\/12\/Gorro_BonJovi_20.jpg?fit=750%2C720&ssl=1&resize=350%2C200","width":350,"height":200,"srcset":"https:\/\/i0.wp.com\/pedidosperu.com\/website\/wp-content\/uploads\/2019\/12\/Gorro_BonJovi_20.jpg?fit=750%2C720&ssl=1&resize=350%2C200 1x, https:\/\/i0.wp.com\/pedidosperu.com\/website\/wp-content\/uploads\/2019\/12\/Gorro_BonJovi_20.jpg?fit=750%2C720&ssl=1&resize=525%2C300 1.5x, https:\/\/i0.wp.com\/pedidosperu.com\/website\/wp-content\/uploads\/2019\/12\/Gorro_BonJovi_20.jpg?fit=750%2C720&ssl=1&resize=700%2C400 2x"},"classes":[]},{"id":2731,"url":"https:\/\/pedidosperu.com\/website\/product\/gorro-rock-audioslave-m01\/","url_meta":{"origin":2716,"position":2},"title":"Gorro Rock \/ Audioslave \/ M01","author":"webmaster","date":"06\/07\/2020","format":false,"excerpt":"Dise\u00f1os exclusivos. Estampado en vinil textil importado \/ transfer de muy buena calidad. El color del dise\u00f1o puede variar seg\u00fan lo desee, solo debe indicarlo al momento de la compra. Consultar colores y\/o dise\u00f1os personalizados para empresas o eventos al email : ventas@pedidosperu.com","rel":"","context":"Entrada similar","block_context":{"text":"Entrada similar","link":""},"img":{"alt_text":"","src":"https:\/\/i0.wp.com\/pedidosperu.com\/website\/wp-content\/uploads\/2020\/07\/Gorros_Cornell_02.jpg?fit=750%2C720&ssl=1&resize=350%2C200","width":350,"height":200,"srcset":"https:\/\/i0.wp.com\/pedidosperu.com\/website\/wp-content\/uploads\/2020\/07\/Gorros_Cornell_02.jpg?fit=750%2C720&ssl=1&resize=350%2C200 1x, https:\/\/i0.wp.com\/pedidosperu.com\/website\/wp-content\/uploads\/2020\/07\/Gorros_Cornell_02.jpg?fit=750%2C720&ssl=1&resize=525%2C300 1.5x, https:\/\/i0.wp.com\/pedidosperu.com\/website\/wp-content\/uploads\/2020\/07\/Gorros_Cornell_02.jpg?fit=750%2C720&ssl=1&resize=700%2C400 2x"},"classes":[]},{"id":3148,"url":"https:\/\/pedidosperu.com\/website\/product\/gorro-rock-u2-m034\/","url_meta":{"origin":2716,"position":3},"title":"Gorro Rock \/ U2","author":"webmaster","date":"05\/12\/2020","format":false,"excerpt":"Dise\u00f1os exclusivos. Estampado en vinil textil importado \/ transfer de muy buena calidad. El color del dise\u00f1o puede variar seg\u00fan lo desee, solo debe indicarlo al momento de la compra. Consultar colores y\/o dise\u00f1os personalizados para empresas o eventos al email : ventas@pedidosperu.com","rel":"","context":"Entrada similar","block_context":{"text":"Entrada similar","link":""},"img":{"alt_text":"","src":"https:\/\/i0.wp.com\/pedidosperu.com\/website\/wp-content\/uploads\/2020\/12\/U2_3.jpg?fit=750%2C720&ssl=1&resize=350%2C200","width":350,"height":200,"srcset":"https:\/\/i0.wp.com\/pedidosperu.com\/website\/wp-content\/uploads\/2020\/12\/U2_3.jpg?fit=750%2C720&ssl=1&resize=350%2C200 1x, https:\/\/i0.wp.com\/pedidosperu.com\/website\/wp-content\/uploads\/2020\/12\/U2_3.jpg?fit=750%2C720&ssl=1&resize=525%2C300 1.5x, https:\/\/i0.wp.com\/pedidosperu.com\/website\/wp-content\/uploads\/2020\/12\/U2_3.jpg?fit=750%2C720&ssl=1&resize=700%2C400 2x"},"classes":[]},{"id":3155,"url":"https:\/\/pedidosperu.com\/website\/product\/gorro-rock-twisted-sister\/","url_meta":{"origin":2716,"position":4},"title":"Gorro Rock \/ Twisted Sister","author":"webmaster","date":"05\/12\/2020","format":false,"excerpt":"Dise\u00f1os exclusivos. Estampado en vinil textil importado \/ transfer de muy buena calidad. El color del dise\u00f1o puede variar seg\u00fan lo desee, solo debe indicarlo al momento de la compra. Consultar colores y\/o dise\u00f1os personalizados para empresas o eventos al email : ventas@pedidosperu.com","rel":"","context":"Entrada similar","block_context":{"text":"Entrada similar","link":""},"img":{"alt_text":"","src":"https:\/\/i0.wp.com\/pedidosperu.com\/website\/wp-content\/uploads\/2020\/12\/TS_Gorro_1-1.jpg?fit=750%2C720&ssl=1&resize=350%2C200","width":350,"height":200,"srcset":"https:\/\/i0.wp.com\/pedidosperu.com\/website\/wp-content\/uploads\/2020\/12\/TS_Gorro_1-1.jpg?fit=750%2C720&ssl=1&resize=350%2C200 1x, https:\/\/i0.wp.com\/pedidosperu.com\/website\/wp-content\/uploads\/2020\/12\/TS_Gorro_1-1.jpg?fit=750%2C720&ssl=1&resize=525%2C300 1.5x, https:\/\/i0.wp.com\/pedidosperu.com\/website\/wp-content\/uploads\/2020\/12\/TS_Gorro_1-1.jpg?fit=750%2C720&ssl=1&resize=700%2C400 2x"},"classes":[]},{"id":3161,"url":"https:\/\/pedidosperu.com\/website\/product\/gorro-rock-the-smiths\/","url_meta":{"origin":2716,"position":5},"title":"Gorro Rock \/ The Smiths","author":"webmaster","date":"05\/12\/2020","format":false,"excerpt":"Dise\u00f1os exclusivos. Estampado en vinil textil importado \/ transfer de muy buena calidad. El color del dise\u00f1o puede variar seg\u00fan lo desee, solo debe indicarlo al momento de la compra. Consultar colores y\/o dise\u00f1os personalizados para empresas o eventos al email : ventas@pedidosperu.com","rel":"","context":"Entrada similar","block_context":{"text":"Entrada similar","link":""},"img":{"alt_text":"","src":"https:\/\/i0.wp.com\/pedidosperu.com\/website\/wp-content\/uploads\/2020\/12\/TS_Gorro_1.jpg?fit=750%2C720&ssl=1&resize=350%2C200","width":350,"height":200,"srcset":"https:\/\/i0.wp.com\/pedidosperu.com\/website\/wp-content\/uploads\/2020\/12\/TS_Gorro_1.jpg?fit=750%2C720&ssl=1&resize=350%2C200 1x, https:\/\/i0.wp.com\/pedidosperu.com\/website\/wp-content\/uploads\/2020\/12\/TS_Gorro_1.jpg?fit=750%2C720&ssl=1&resize=525%2C300 1.5x, https:\/\/i0.wp.com\/pedidosperu.com\/website\/wp-content\/uploads\/2020\/12\/TS_Gorro_1.jpg?fit=750%2C720&ssl=1&resize=700%2C400 2x"},"classes":[]}],"_links":{"self":[{"href":"https:\/\/pedidosperu.com\/website\/wp-json\/wp\/v2\/product\/2716","targetHints":{"allow":["GET"]}}],"collection":[{"href":"https:\/\/pedidosperu.com\/website\/wp-json\/wp\/v2\/product"}],"about":[{"href":"https:\/\/pedidosperu.com\/website\/wp-json\/wp\/v2\/types\/product"}],"replies":[{"embeddable":true,"href":"https:\/\/pedidosperu.com\/website\/wp-json\/wp\/v2\/comments?post=2716"}],"wp:featuredmedia":[{"embeddable":true,"href":"https:\/\/pedidosperu.com\/website\/wp-json\/wp\/v2\/media\/4478"}],"wp:attachment":[{"href":"https:\/\/pedidosperu.com\/website\/wp-json\/wp\/v2\/media?parent=2716"}],"wp:term":[{"taxonomy":"product_brand","embeddable":true,"href":"https:\/\/pedidosperu.com\/website\/wp-json\/wp\/v2\/product_brand?post=2716"},{"taxonomy":"product_cat","embeddable":true,"href":"https:\/\/pedidosperu.com\/website\/wp-json\/wp\/v2\/product_cat?post=2716"},{"taxonomy":"product_tag","embeddable":true,"href":"https:\/\/pedidosperu.com\/website\/wp-json\/wp\/v2\/product_tag?post=2716"}],"curies":[{"name":"wp","href":"https:\/\/api.w.org\/{rel}","templated":true}]}}