{"id":9491,"date":"2025-08-17T23:34:28","date_gmt":"2025-08-18T04:34:28","guid":{"rendered":"https:\/\/pedidosperu.com\/website\/?post_type=product&#038;p=9491"},"modified":"2025-08-17T23:36:48","modified_gmt":"2025-08-18T04:36:48","slug":"polo-pearl-jam-pjam-poc-25-neg-1005","status":"publish","type":"product","link":"https:\/\/pedidosperu.com\/website\/product\/polo-pearl-jam-pjam-poc-25-neg-1005\/","title":{"rendered":"Polo Pearl Jam \/ PJAM-POC-25-NEG-1005"},"content":{"rendered":"<body><p><strong>Polo Pearl Jam \/ PJAM-POC-25-NEG-1005<\/strong><\/p>\n<p>\ud83d\udd25\ud83d\udd25 Cons\u00faltenos x descuentos en Pack\u2019s de Productos \ud83d\udd25\ud83d\udd25<\/p>\n<p>\u2705 Producto 100% algod\u00f3n peruano, el de mejor calidad y grosor.<br>\n\u2705 Dise\u00f1os \ud83c\udfa7 y estampados de tu grupo favorito \ud83c\udfb8 \u201cexclusivos\u201d y de alta calidad \ud83d\udcaf.<br>\n\u2705 Empaques personalizados y listos para ser enviados como \ud83c\udf81 regalo.<br>\n\u2705 Tallas S, M y L. Otras tallas y color de mangas seg\u00fan disponibilidad.<br>\n\u2705 Confeccionados con productos eco-amigables (en telas, vinil textil y estampados laser)<br>\n\u2705 Modelos Unisex. Tallas completas.<\/p>\n<p>\ud83d\udd25\ud83d\udd25 Cons\u00faltenos x descuentos en Pack\u2019s de Productos \ud83d\udd25\ud83d\udd25<\/p>\n<p>\ud83d\udce3 Costo Delivery seg\u00fan destino y tipo (Regular \/ Express \u2b50\ufe0f).<br>\n\ud83d\udce3 Env\u00edos a Provincias por Olva Courier.<br>\n\ud83d\udce3 Tambi\u00e9n dise\u00f1amos modelos personalizados de sus grupos favoritos en caso no disponemos. Cons\u00faltenos\u2026 \ud83e\udd1c\ud83e\udd1b<\/p>\n<\/body>","protected":false},"excerpt":{"rendered":"<p><strong>Polo Pearl Jam \/ PJAM-POC-25-NEG-1005<\/strong><\/p>\n<p>Dise\u00f1os exclusivos. Polo 100% Algod\u00f3n. Estampado en vinil textil importado \/ transfer de muy buena calidad.<\/p>\n<p>El color del dise\u00f1o puede variar seg\u00fan lo desee, solo debe indicarlo al momento de la compra.<\/p>\n<p>Consultar otras tallas, color de polo y\/o dise\u00f1os personalizados para empresas o eventos al correo electr\u00f3nico : <strong><a href=\"mailto:ventas@pedidosperu.com\">ventas@pedidosperu.com<\/a><\/strong><\/p>\n","protected":false},"featured_media":9456,"comment_status":"open","ping_status":"closed","template":"","meta":{"om_disable_all_campaigns":false,"_monsterinsights_skip_tracking":false,"_monsterinsights_sitenote_active":false,"_monsterinsights_sitenote_note":"","_monsterinsights_sitenote_category":0,"_uf_show_specific_survey":0,"_uf_disable_surveys":false,"jetpack_post_was_ever_published":false,"_joinchat":{"telephone":"+51981383646","message_text":"Alguna duda en color o dise\u00f1o? Cons\u00faltenos sin problemas !!!","message_send":"Saludos, visit\u00e9 {SITE} y me interesa adquirir {PRODUCT} con precio {PRICE}... me puede dar m\u00e1s informaci\u00f3n?"},"jetpack_publicize_message":"","jetpack_publicize_feature_enabled":true,"jetpack_social_post_already_shared":true,"jetpack_social_options":{"image_generator_settings":{"template":"highway","default_image_id":0,"font":"","enabled":false},"version":2}},"product_brand":[],"product_cat":[387,328],"product_tag":[113,92],"class_list":{"0":"post-9491","1":"product","2":"type-product","3":"status-publish","4":"has-post-thumbnail","6":"product_cat-pearl-jam","7":"product_cat-rock-2","8":"product_tag-pearl-jam","9":"product_tag-rock","10":"pa_talla-l","11":"pa_talla-m","12":"pa_talla-ninos-talla-2-a-16","13":"pa_talla-s","14":"pa_talla-xl","15":"pa_talla-xxl","17":"first","18":"instock","19":"shipping-taxable","20":"purchasable","21":"product-type-variable"},"supplier_id":null,"supplier_sku":"","barcode":null,"atum_controlled":true,"out_stock_date":null,"out_stock_threshold":null,"inheritable":false,"inbound_stock":null,"stock_on_hold":null,"sold_today":null,"sales_last_days":null,"reserved_stock":null,"customer_returns":null,"warehouse_damage":null,"lost_in_post":null,"other_logs":null,"out_stock_days":null,"lost_sales":null,"has_location":null,"update_date":null,"atum_locations":[],"atum_stock_status":"instock","restock_status":false,"low_stock_amount":"","sales_update_date":null,"calc_backorders":null,"yoast_head":"<!-- This site is optimized with the Yoast SEO plugin v27.5 - https:\/\/yoast.com\/product\/yoast-seo-wordpress\/ -->\n<title>Polo Pearl Jam \/ PJAM-POC-25-NEG-1005 - PedidosPeru.com<\/title>\n<meta name=\"robots\" content=\"index, follow, max-snippet:-1, max-image-preview:large, max-video-preview:-1\" \/>\n<link rel=\"canonical\" href=\"https:\/\/pedidosperu.com\/website\/product\/polo-pearl-jam-pjam-poc-25-neg-1005\/\" \/>\n<meta property=\"og:locale\" content=\"es_ES\" \/>\n<meta property=\"og:type\" content=\"article\" \/>\n<meta property=\"og:title\" content=\"Polo Pearl Jam \/ PJAM-POC-25-NEG-1005 - PedidosPeru.com\" \/>\n<meta property=\"og:description\" content=\"Polo Pearl Jam \/ PJAM-POC-25-NEG-1005  Dise\u00f1os exclusivos. Polo 100% Algod\u00f3n. Estampado en vinil textil importado \/ transfer de muy buena calidad.  El color del dise\u00f1o puede variar seg\u00fan lo desee, solo debe indicarlo al momento de la compra.  Consultar otras tallas, color de polo y\/o dise\u00f1os personalizados para empresas o eventos al correo electr\u00f3nico : ventas@pedidosperu.com\" \/>\n<meta property=\"og:url\" content=\"https:\/\/pedidosperu.com\/website\/product\/polo-pearl-jam-pjam-poc-25-neg-1005\/\" \/>\n<meta property=\"og:site_name\" content=\"PedidosPeru.com\" \/>\n<meta property=\"article:publisher\" content=\"https:\/\/www.facebook.com\/pedidosperuoficial\" \/>\n<meta property=\"article:modified_time\" content=\"2025-08-18T04:36:48+00:00\" \/>\n<meta property=\"og:image\" content=\"https:\/\/pedidosperu.com\/website\/wp-content\/uploads\/2025\/08\/PJA-POC-25-NEG-1005-A.jpg\" \/>\n\t<meta property=\"og:image:width\" content=\"700\" \/>\n\t<meta property=\"og:image:height\" content=\"934\" \/>\n\t<meta property=\"og:image:type\" content=\"image\/jpeg\" \/>\n<meta name=\"twitter:card\" content=\"summary_large_image\" \/>\n<meta name=\"twitter:label1\" content=\"Tiempo de lectura\" \/>\n\t<meta name=\"twitter:data1\" content=\"1 minuto\" \/>\n<script type=\"application\/ld+json\" class=\"yoast-schema-graph\">{\"@context\":\"https:\\\/\\\/schema.org\",\"@graph\":[{\"@type\":\"WebPage\",\"@id\":\"https:\\\/\\\/pedidosperu.com\\\/website\\\/product\\\/polo-pearl-jam-pjam-poc-25-neg-1005\\\/\",\"url\":\"https:\\\/\\\/pedidosperu.com\\\/website\\\/product\\\/polo-pearl-jam-pjam-poc-25-neg-1005\\\/\",\"name\":\"Polo Pearl Jam \\\/ PJAM-POC-25-NEG-1005 - PedidosPeru.com\",\"isPartOf\":{\"@id\":\"https:\\\/\\\/pedidosperu.com\\\/website\\\/#website\"},\"primaryImageOfPage\":{\"@id\":\"https:\\\/\\\/pedidosperu.com\\\/website\\\/product\\\/polo-pearl-jam-pjam-poc-25-neg-1005\\\/#primaryimage\"},\"image\":{\"@id\":\"https:\\\/\\\/pedidosperu.com\\\/website\\\/product\\\/polo-pearl-jam-pjam-poc-25-neg-1005\\\/#primaryimage\"},\"thumbnailUrl\":\"https:\\\/\\\/i0.wp.com\\\/pedidosperu.com\\\/website\\\/wp-content\\\/uploads\\\/2025\\\/08\\\/PJA-POC-25-NEG-1005-A.jpg?fit=700%2C934&ssl=1\",\"datePublished\":\"2025-08-18T04:34:28+00:00\",\"dateModified\":\"2025-08-18T04:36:48+00:00\",\"breadcrumb\":{\"@id\":\"https:\\\/\\\/pedidosperu.com\\\/website\\\/product\\\/polo-pearl-jam-pjam-poc-25-neg-1005\\\/#breadcrumb\"},\"inLanguage\":\"es\",\"potentialAction\":[{\"@type\":\"ReadAction\",\"target\":[\"https:\\\/\\\/pedidosperu.com\\\/website\\\/product\\\/polo-pearl-jam-pjam-poc-25-neg-1005\\\/\"]}]},{\"@type\":\"ImageObject\",\"inLanguage\":\"es\",\"@id\":\"https:\\\/\\\/pedidosperu.com\\\/website\\\/product\\\/polo-pearl-jam-pjam-poc-25-neg-1005\\\/#primaryimage\",\"url\":\"https:\\\/\\\/i0.wp.com\\\/pedidosperu.com\\\/website\\\/wp-content\\\/uploads\\\/2025\\\/08\\\/PJA-POC-25-NEG-1005-A.jpg?fit=700%2C934&ssl=1\",\"contentUrl\":\"https:\\\/\\\/i0.wp.com\\\/pedidosperu.com\\\/website\\\/wp-content\\\/uploads\\\/2025\\\/08\\\/PJA-POC-25-NEG-1005-A.jpg?fit=700%2C934&ssl=1\",\"width\":700,\"height\":934},{\"@type\":\"BreadcrumbList\",\"@id\":\"https:\\\/\\\/pedidosperu.com\\\/website\\\/product\\\/polo-pearl-jam-pjam-poc-25-neg-1005\\\/#breadcrumb\",\"itemListElement\":[{\"@type\":\"ListItem\",\"position\":1,\"name\":\"Shop\",\"item\":\"https:\\\/\\\/pedidosperu.com\\\/website\\\/shop\\\/\"},{\"@type\":\"ListItem\",\"position\":2,\"name\":\"Polo Pearl Jam \\\/ PJAM-POC-25-NEG-1005\"}]},{\"@type\":\"WebSite\",\"@id\":\"https:\\\/\\\/pedidosperu.com\\\/website\\\/#website\",\"url\":\"https:\\\/\\\/pedidosperu.com\\\/website\\\/\",\"name\":\"PedidosPeru.com\",\"description\":\"Detalles 100% Personalizados\",\"publisher\":{\"@id\":\"https:\\\/\\\/pedidosperu.com\\\/website\\\/#organization\"},\"potentialAction\":[{\"@type\":\"SearchAction\",\"target\":{\"@type\":\"EntryPoint\",\"urlTemplate\":\"https:\\\/\\\/pedidosperu.com\\\/website\\\/?s={search_term_string}\"},\"query-input\":{\"@type\":\"PropertyValueSpecification\",\"valueRequired\":true,\"valueName\":\"search_term_string\"}}],\"inLanguage\":\"es\"},{\"@type\":\"Organization\",\"@id\":\"https:\\\/\\\/pedidosperu.com\\\/website\\\/#organization\",\"name\":\"PedidosPeru.com\",\"url\":\"https:\\\/\\\/pedidosperu.com\\\/website\\\/\",\"logo\":{\"@type\":\"ImageObject\",\"inLanguage\":\"es\",\"@id\":\"https:\\\/\\\/pedidosperu.com\\\/website\\\/#\\\/schema\\\/logo\\\/image\\\/\",\"url\":\"https:\\\/\\\/pedidosperu.com\\\/website\\\/wp-content\\\/uploads\\\/2023\\\/08\\\/Logo_PP1.png\",\"contentUrl\":\"https:\\\/\\\/pedidosperu.com\\\/website\\\/wp-content\\\/uploads\\\/2023\\\/08\\\/Logo_PP1.png\",\"width\":1464,\"height\":792,\"caption\":\"PedidosPeru.com\"},\"image\":{\"@id\":\"https:\\\/\\\/pedidosperu.com\\\/website\\\/#\\\/schema\\\/logo\\\/image\\\/\"},\"sameAs\":[\"https:\\\/\\\/www.facebook.com\\\/pedidosperuoficial\",\"https:\\\/\\\/www.instagram.com\\\/pedidosperuoficial\\\/\"]}]}<\/script>\n<!-- \/ Yoast SEO plugin. -->","yoast_head_json":{"title":"Polo Pearl Jam \/ PJAM-POC-25-NEG-1005 - PedidosPeru.com","robots":{"index":"index","follow":"follow","max-snippet":"max-snippet:-1","max-image-preview":"max-image-preview:large","max-video-preview":"max-video-preview:-1"},"canonical":"https:\/\/pedidosperu.com\/website\/product\/polo-pearl-jam-pjam-poc-25-neg-1005\/","og_locale":"es_ES","og_type":"article","og_title":"Polo Pearl Jam \/ PJAM-POC-25-NEG-1005 - PedidosPeru.com","og_description":"Polo Pearl Jam \/ PJAM-POC-25-NEG-1005  Dise\u00f1os exclusivos. Polo 100% Algod\u00f3n. Estampado en vinil textil importado \/ transfer de muy buena calidad.  El color del dise\u00f1o puede variar seg\u00fan lo desee, solo debe indicarlo al momento de la compra.  Consultar otras tallas, color de polo y\/o dise\u00f1os personalizados para empresas o eventos al correo electr\u00f3nico : ventas@pedidosperu.com","og_url":"https:\/\/pedidosperu.com\/website\/product\/polo-pearl-jam-pjam-poc-25-neg-1005\/","og_site_name":"PedidosPeru.com","article_publisher":"https:\/\/www.facebook.com\/pedidosperuoficial","article_modified_time":"2025-08-18T04:36:48+00:00","og_image":[{"width":700,"height":934,"url":"https:\/\/pedidosperu.com\/website\/wp-content\/uploads\/2025\/08\/PJA-POC-25-NEG-1005-A.jpg","type":"image\/jpeg"}],"twitter_card":"summary_large_image","twitter_misc":{"Tiempo de lectura":"1 minuto"},"schema":{"@context":"https:\/\/schema.org","@graph":[{"@type":"WebPage","@id":"https:\/\/pedidosperu.com\/website\/product\/polo-pearl-jam-pjam-poc-25-neg-1005\/","url":"https:\/\/pedidosperu.com\/website\/product\/polo-pearl-jam-pjam-poc-25-neg-1005\/","name":"Polo Pearl Jam \/ PJAM-POC-25-NEG-1005 - PedidosPeru.com","isPartOf":{"@id":"https:\/\/pedidosperu.com\/website\/#website"},"primaryImageOfPage":{"@id":"https:\/\/pedidosperu.com\/website\/product\/polo-pearl-jam-pjam-poc-25-neg-1005\/#primaryimage"},"image":{"@id":"https:\/\/pedidosperu.com\/website\/product\/polo-pearl-jam-pjam-poc-25-neg-1005\/#primaryimage"},"thumbnailUrl":"https:\/\/i0.wp.com\/pedidosperu.com\/website\/wp-content\/uploads\/2025\/08\/PJA-POC-25-NEG-1005-A.jpg?fit=700%2C934&ssl=1","datePublished":"2025-08-18T04:34:28+00:00","dateModified":"2025-08-18T04:36:48+00:00","breadcrumb":{"@id":"https:\/\/pedidosperu.com\/website\/product\/polo-pearl-jam-pjam-poc-25-neg-1005\/#breadcrumb"},"inLanguage":"es","potentialAction":[{"@type":"ReadAction","target":["https:\/\/pedidosperu.com\/website\/product\/polo-pearl-jam-pjam-poc-25-neg-1005\/"]}]},{"@type":"ImageObject","inLanguage":"es","@id":"https:\/\/pedidosperu.com\/website\/product\/polo-pearl-jam-pjam-poc-25-neg-1005\/#primaryimage","url":"https:\/\/i0.wp.com\/pedidosperu.com\/website\/wp-content\/uploads\/2025\/08\/PJA-POC-25-NEG-1005-A.jpg?fit=700%2C934&ssl=1","contentUrl":"https:\/\/i0.wp.com\/pedidosperu.com\/website\/wp-content\/uploads\/2025\/08\/PJA-POC-25-NEG-1005-A.jpg?fit=700%2C934&ssl=1","width":700,"height":934},{"@type":"BreadcrumbList","@id":"https:\/\/pedidosperu.com\/website\/product\/polo-pearl-jam-pjam-poc-25-neg-1005\/#breadcrumb","itemListElement":[{"@type":"ListItem","position":1,"name":"Shop","item":"https:\/\/pedidosperu.com\/website\/shop\/"},{"@type":"ListItem","position":2,"name":"Polo Pearl Jam \/ PJAM-POC-25-NEG-1005"}]},{"@type":"WebSite","@id":"https:\/\/pedidosperu.com\/website\/#website","url":"https:\/\/pedidosperu.com\/website\/","name":"PedidosPeru.com","description":"Detalles 100% Personalizados","publisher":{"@id":"https:\/\/pedidosperu.com\/website\/#organization"},"potentialAction":[{"@type":"SearchAction","target":{"@type":"EntryPoint","urlTemplate":"https:\/\/pedidosperu.com\/website\/?s={search_term_string}"},"query-input":{"@type":"PropertyValueSpecification","valueRequired":true,"valueName":"search_term_string"}}],"inLanguage":"es"},{"@type":"Organization","@id":"https:\/\/pedidosperu.com\/website\/#organization","name":"PedidosPeru.com","url":"https:\/\/pedidosperu.com\/website\/","logo":{"@type":"ImageObject","inLanguage":"es","@id":"https:\/\/pedidosperu.com\/website\/#\/schema\/logo\/image\/","url":"https:\/\/pedidosperu.com\/website\/wp-content\/uploads\/2023\/08\/Logo_PP1.png","contentUrl":"https:\/\/pedidosperu.com\/website\/wp-content\/uploads\/2023\/08\/Logo_PP1.png","width":1464,"height":792,"caption":"PedidosPeru.com"},"image":{"@id":"https:\/\/pedidosperu.com\/website\/#\/schema\/logo\/image\/"},"sameAs":["https:\/\/www.facebook.com\/pedidosperuoficial","https:\/\/www.instagram.com\/pedidosperuoficial\/"]}]}},"jetpack_publicize_connections":[],"jetpack_sharing_enabled":true,"jetpack_likes_enabled":true,"jetpack-related-posts":[{"id":9424,"url":"https:\/\/pedidosperu.com\/website\/product\/polo-pearl-jam-pjam-poc-25-neg-1000\/","url_meta":{"origin":9491,"position":0},"title":"Polo Pearl Jam \/ PJAM-POC-25-NEG-1000","author":"webmaster","date":"17\/08\/2025","format":false,"excerpt":"Polo Pearl Jam \/ PJAM-POC-25-NEG-1000 Dise\u00f1os exclusivos. Polo 100% Algod\u00f3n. Estampado en vinil textil importado \/ transfer de muy buena calidad. El color del dise\u00f1o puede variar seg\u00fan lo desee, solo debe indicarlo al momento de la compra. Consultar otras tallas, color de polo y\/o dise\u00f1os personalizados para empresas o\u2026","rel":"","context":"Entrada similar","block_context":{"text":"Entrada similar","link":""},"img":{"alt_text":"","src":"https:\/\/i0.wp.com\/pedidosperu.com\/website\/wp-content\/uploads\/2025\/08\/PJA-POC-25-NEG-1000-A.jpg?fit=700%2C934&ssl=1&resize=350%2C200","width":350,"height":200,"srcset":"https:\/\/i0.wp.com\/pedidosperu.com\/website\/wp-content\/uploads\/2025\/08\/PJA-POC-25-NEG-1000-A.jpg?fit=700%2C934&ssl=1&resize=350%2C200 1x, https:\/\/i0.wp.com\/pedidosperu.com\/website\/wp-content\/uploads\/2025\/08\/PJA-POC-25-NEG-1000-A.jpg?fit=700%2C934&ssl=1&resize=525%2C300 1.5x, https:\/\/i0.wp.com\/pedidosperu.com\/website\/wp-content\/uploads\/2025\/08\/PJA-POC-25-NEG-1000-A.jpg?fit=700%2C934&ssl=1&resize=700%2C400 2x"},"classes":[]},{"id":9469,"url":"https:\/\/pedidosperu.com\/website\/product\/polo-pearl-jam-pjam-poc-25-neg-1001\/","url_meta":{"origin":9491,"position":1},"title":"Polo Pearl Jam \/ PJAM-POC-25-NEG-1001","author":"webmaster","date":"17\/08\/2025","format":false,"excerpt":"Polo Pearl Jam \/ PJAM-POC-25-NEG-1001 Dise\u00f1os exclusivos. Polo 100% Algod\u00f3n. Estampado en vinil textil importado \/ transfer de muy buena calidad. El color del dise\u00f1o puede variar seg\u00fan lo desee, solo debe indicarlo al momento de la compra. Consultar otras tallas, color de polo y\/o dise\u00f1os personalizados para empresas o\u2026","rel":"","context":"Entrada similar","block_context":{"text":"Entrada similar","link":""},"img":{"alt_text":"","src":"https:\/\/i0.wp.com\/pedidosperu.com\/website\/wp-content\/uploads\/2025\/08\/PJA-POC-25-NEG-1001-A.jpg?fit=700%2C934&ssl=1&resize=350%2C200","width":350,"height":200,"srcset":"https:\/\/i0.wp.com\/pedidosperu.com\/website\/wp-content\/uploads\/2025\/08\/PJA-POC-25-NEG-1001-A.jpg?fit=700%2C934&ssl=1&resize=350%2C200 1x, https:\/\/i0.wp.com\/pedidosperu.com\/website\/wp-content\/uploads\/2025\/08\/PJA-POC-25-NEG-1001-A.jpg?fit=700%2C934&ssl=1&resize=525%2C300 1.5x, https:\/\/i0.wp.com\/pedidosperu.com\/website\/wp-content\/uploads\/2025\/08\/PJA-POC-25-NEG-1001-A.jpg?fit=700%2C934&ssl=1&resize=700%2C400 2x"},"classes":[]},{"id":9476,"url":"https:\/\/pedidosperu.com\/website\/product\/polo-pearl-jam-pjam-poc-25-neg-1002\/","url_meta":{"origin":9491,"position":2},"title":"Polo Pearl Jam \/ PJAM-POC-25-NEG-1002","author":"webmaster","date":"17\/08\/2025","format":false,"excerpt":"Polo Pearl Jam \/ PJAM-POC-25-NEG-1002 Dise\u00f1os exclusivos. Polo 100% Algod\u00f3n. Estampado en vinil textil importado \/ transfer de muy buena calidad. El color del dise\u00f1o puede variar seg\u00fan lo desee, solo debe indicarlo al momento de la compra. Consultar otras tallas, color de polo y\/o dise\u00f1os personalizados para empresas o\u2026","rel":"","context":"Entrada similar","block_context":{"text":"Entrada similar","link":""},"img":{"alt_text":"","src":"https:\/\/i0.wp.com\/pedidosperu.com\/website\/wp-content\/uploads\/2025\/08\/PJA-POC-25-NEG-1002-A.jpg?fit=700%2C934&ssl=1&resize=350%2C200","width":350,"height":200,"srcset":"https:\/\/i0.wp.com\/pedidosperu.com\/website\/wp-content\/uploads\/2025\/08\/PJA-POC-25-NEG-1002-A.jpg?fit=700%2C934&ssl=1&resize=350%2C200 1x, https:\/\/i0.wp.com\/pedidosperu.com\/website\/wp-content\/uploads\/2025\/08\/PJA-POC-25-NEG-1002-A.jpg?fit=700%2C934&ssl=1&resize=525%2C300 1.5x, https:\/\/i0.wp.com\/pedidosperu.com\/website\/wp-content\/uploads\/2025\/08\/PJA-POC-25-NEG-1002-A.jpg?fit=700%2C934&ssl=1&resize=700%2C400 2x"},"classes":[]},{"id":9483,"url":"https:\/\/pedidosperu.com\/website\/product\/polo-pearl-jam-pjam-poc-25-neg-1003\/","url_meta":{"origin":9491,"position":3},"title":"Polo Pearl Jam \/ PJAM-POC-25-NEG-1003","author":"webmaster","date":"17\/08\/2025","format":false,"excerpt":"Polo Pearl Jam \/ PJAM-POC-25-NEG-1003 Dise\u00f1os exclusivos. Polo 100% Algod\u00f3n. Estampado en vinil textil importado \/ transfer de muy buena calidad. El color del dise\u00f1o puede variar seg\u00fan lo desee, solo debe indicarlo al momento de la compra. Consultar otras tallas, color de polo y\/o dise\u00f1os personalizados para empresas o\u2026","rel":"","context":"Entrada similar","block_context":{"text":"Entrada similar","link":""},"img":{"alt_text":"","src":"https:\/\/i0.wp.com\/pedidosperu.com\/website\/wp-content\/uploads\/2025\/08\/PJA-POC-25-NEG-1003-A.jpg?fit=700%2C934&ssl=1&resize=350%2C200","width":350,"height":200,"srcset":"https:\/\/i0.wp.com\/pedidosperu.com\/website\/wp-content\/uploads\/2025\/08\/PJA-POC-25-NEG-1003-A.jpg?fit=700%2C934&ssl=1&resize=350%2C200 1x, https:\/\/i0.wp.com\/pedidosperu.com\/website\/wp-content\/uploads\/2025\/08\/PJA-POC-25-NEG-1003-A.jpg?fit=700%2C934&ssl=1&resize=525%2C300 1.5x, https:\/\/i0.wp.com\/pedidosperu.com\/website\/wp-content\/uploads\/2025\/08\/PJA-POC-25-NEG-1003-A.jpg?fit=700%2C934&ssl=1&resize=700%2C400 2x"},"classes":[]},{"id":9499,"url":"https:\/\/pedidosperu.com\/website\/product\/polo-pearl-jam-pjam-poc-25-neg-1007\/","url_meta":{"origin":9491,"position":4},"title":"Polo Pearl Jam \/ PJAM-POC-25-NEG-1007","author":"webmaster","date":"17\/08\/2025","format":false,"excerpt":"Polo Pearl Jam \/ PJAM-POC-25-NEG-1007 Dise\u00f1os exclusivos. Polo 100% Algod\u00f3n. Estampado en vinil textil importado \/ transfer de muy buena calidad. El color del dise\u00f1o puede variar seg\u00fan lo desee, solo debe indicarlo al momento de la compra. Consultar otras tallas, color de polo y\/o dise\u00f1os personalizados para empresas o\u2026","rel":"","context":"Entrada similar","block_context":{"text":"Entrada similar","link":""},"img":{"alt_text":"","src":"https:\/\/i0.wp.com\/pedidosperu.com\/website\/wp-content\/uploads\/2025\/08\/PJA-POC-25-NEG-1007-A.jpg?fit=700%2C934&ssl=1&resize=350%2C200","width":350,"height":200,"srcset":"https:\/\/i0.wp.com\/pedidosperu.com\/website\/wp-content\/uploads\/2025\/08\/PJA-POC-25-NEG-1007-A.jpg?fit=700%2C934&ssl=1&resize=350%2C200 1x, https:\/\/i0.wp.com\/pedidosperu.com\/website\/wp-content\/uploads\/2025\/08\/PJA-POC-25-NEG-1007-A.jpg?fit=700%2C934&ssl=1&resize=525%2C300 1.5x, https:\/\/i0.wp.com\/pedidosperu.com\/website\/wp-content\/uploads\/2025\/08\/PJA-POC-25-NEG-1007-A.jpg?fit=700%2C934&ssl=1&resize=700%2C400 2x"},"classes":[]},{"id":7221,"url":"https:\/\/pedidosperu.com\/website\/product\/polo-oasis-oas-poc-25-neg-1005\/","url_meta":{"origin":9491,"position":5},"title":"Polo Oasis \/ OAS-POC-25-NEG-1005","author":"webmaster","date":"29\/07\/2025","format":false,"excerpt":"Polo Oasis \/ OAS-POC-25-NEG-1005 Dise\u00f1os exclusivos. Polo 100% Algod\u00f3n. Estampado en vinil textil importado \/ transfer de muy buena calidad. El color del dise\u00f1o puede variar seg\u00fan lo desee, solo debe indicarlo al momento de la compra. Consultar otras tallas, color de polo y\/o dise\u00f1os personalizados para empresas o eventos\u2026","rel":"","context":"Entrada similar","block_context":{"text":"Entrada similar","link":""},"img":{"alt_text":"","src":"https:\/\/i0.wp.com\/pedidosperu.com\/website\/wp-content\/uploads\/2025\/07\/OAS-POC-25-NEG-1004C.jpg?fit=900%2C1200&ssl=1&resize=350%2C200","width":350,"height":200,"srcset":"https:\/\/i0.wp.com\/pedidosperu.com\/website\/wp-content\/uploads\/2025\/07\/OAS-POC-25-NEG-1004C.jpg?fit=900%2C1200&ssl=1&resize=350%2C200 1x, https:\/\/i0.wp.com\/pedidosperu.com\/website\/wp-content\/uploads\/2025\/07\/OAS-POC-25-NEG-1004C.jpg?fit=900%2C1200&ssl=1&resize=525%2C300 1.5x, https:\/\/i0.wp.com\/pedidosperu.com\/website\/wp-content\/uploads\/2025\/07\/OAS-POC-25-NEG-1004C.jpg?fit=900%2C1200&ssl=1&resize=700%2C400 2x"},"classes":[]}],"_links":{"self":[{"href":"https:\/\/pedidosperu.com\/website\/wp-json\/wp\/v2\/product\/9491","targetHints":{"allow":["GET"]}}],"collection":[{"href":"https:\/\/pedidosperu.com\/website\/wp-json\/wp\/v2\/product"}],"about":[{"href":"https:\/\/pedidosperu.com\/website\/wp-json\/wp\/v2\/types\/product"}],"replies":[{"embeddable":true,"href":"https:\/\/pedidosperu.com\/website\/wp-json\/wp\/v2\/comments?post=9491"}],"wp:featuredmedia":[{"embeddable":true,"href":"https:\/\/pedidosperu.com\/website\/wp-json\/wp\/v2\/media\/9456"}],"wp:attachment":[{"href":"https:\/\/pedidosperu.com\/website\/wp-json\/wp\/v2\/media?parent=9491"}],"wp:term":[{"taxonomy":"product_brand","embeddable":true,"href":"https:\/\/pedidosperu.com\/website\/wp-json\/wp\/v2\/product_brand?post=9491"},{"taxonomy":"product_cat","embeddable":true,"href":"https:\/\/pedidosperu.com\/website\/wp-json\/wp\/v2\/product_cat?post=9491"},{"taxonomy":"product_tag","embeddable":true,"href":"https:\/\/pedidosperu.com\/website\/wp-json\/wp\/v2\/product_tag?post=9491"}],"curies":[{"name":"wp","href":"https:\/\/api.w.org\/{rel}","templated":true}]}}